{"id":20,"date":"2025-06-20T09:56:41","date_gmt":"2025-06-20T09:56:41","guid":{"rendered":"https:\/\/maarbrokers.com\/?page_id=20"},"modified":"2025-08-13T19:48:55","modified_gmt":"2025-08-13T19:48:55","slug":"detalii-proiect","status":"publish","type":"page","link":"https:\/\/maarbrokers.com\/index.php\/detalii-proiect\/","title":{"rendered":"Despre Noi"},"content":{"rendered":"\t\t<div data-elementor-type=\"wp-page\" data-elementor-id=\"20\" class=\"elementor elementor-20\">\n\t\t\t\t<div class=\"elementor-element elementor-element-96f39e6 e-flex e-con-boxed e-con e-parent\" data-id=\"96f39e6\" data-element_type=\"container\">\n\t\t\t\t\t<div class=\"e-con-inner\">\n\t\t\t\t<div class=\"elementor-element elementor-element-f7ce9b2 elementor-widget elementor-widget-text-editor\" data-id=\"f7ce9b2\" data-element_type=\"widget\" data-widget_type=\"text-editor.default\">\n\t\t\t\t\t\t\t\t\t<p><strong>MAAR<\/strong> este o companie de brokeraj de credite \u00een plin\u0103 dezvoltare, fondat\u0103 cu pasiune pentru solu\u021bii financiare corecte \u0219i personalizate. Lucr\u0103m direct cu b\u0103ncile \u0219i clien\u021bii, oferind consultan\u021b\u0103 pentru ob\u021binerea de credite ipotecare, de nevoi personale, leasing sau pentru refinan\u021b\u0103ri.<\/p>\t\t\t\t\t\t\t\t<\/div>\n\t\t\t\t\t<\/div>\n\t\t\t\t<\/div>\n\t\t<div class=\"elementor-element elementor-element-f4c2285 e-flex e-con-boxed e-con e-parent\" data-id=\"f4c2285\" data-element_type=\"container\">\n\t\t\t\t\t<div class=\"e-con-inner\">\n\t\t\t\t<div class=\"elementor-element elementor-element-b12bb5a elementor-widget elementor-widget-heading\" data-id=\"b12bb5a\" data-element_type=\"widget\" data-widget_type=\"heading.default\">\n\t\t\t\t\t<h2 class=\"elementor-heading-title elementor-size-default\">Servicii Complete \u2013 MAAR \u00ee\u021bi simplific\u0103 \u00eentregul proces<\/h2>\t\t\t\t<\/div>\n\t\t<div class=\"elementor-element elementor-element-f23c7d7 e-con-full e-flex e-con e-child\" data-id=\"f23c7d7\" data-element_type=\"container\">\n\t\t\t\t<div class=\"elementor-element elementor-element-8afd6c1 elementor-widget elementor-widget-image\" data-id=\"8afd6c1\" data-element_type=\"widget\" data-widget_type=\"image.default\">\n\t\t\t\t\t\t\t\t\t\t\t\t<figure class=\"wp-caption\">\n\t\t\t\t\t\t\t\t\t\t<img fetchpriority=\"high\" decoding=\"async\" width=\"640\" height=\"338\" src=\"https:\/\/maarbrokers.com\/wp-content\/uploads\/2025\/08\/cine-suntem-1024x540.webp\" class=\"attachment-large size-large wp-image-169\" alt=\"\" srcset=\"https:\/\/maarbrokers.com\/wp-content\/uploads\/2025\/08\/cine-suntem-1024x540.webp 1024w, https:\/\/maarbrokers.com\/wp-content\/uploads\/2025\/08\/cine-suntem-300x158.webp 300w, https:\/\/maarbrokers.com\/wp-content\/uploads\/2025\/08\/cine-suntem-768x405.webp 768w, https:\/\/maarbrokers.com\/wp-content\/uploads\/2025\/08\/cine-suntem-1536x810.webp 1536w, https:\/\/maarbrokers.com\/wp-content\/uploads\/2025\/08\/cine-suntem.webp 2000w\" sizes=\"(max-width: 640px) 100vw, 640px\" \/>\t\t\t\t\t\t\t\t\t\t\t<figcaption class=\"widget-image-caption wp-caption-text\"><\/figcaption>\n\t\t\t\t\t\t\t\t\t\t<\/figure>\n\t\t\t\t\t\t\t\t\t<\/div>\n\t\t\t\t<\/div>\n\t\t<div class=\"elementor-element elementor-element-be04a37 e-con-full e-flex e-con e-child\" data-id=\"be04a37\" data-element_type=\"container\">\n\t\t\t\t<div class=\"elementor-element elementor-element-5832b99 elementor-widget elementor-widget-text-editor\" data-id=\"5832b99\" data-element_type=\"widget\" data-widget_type=\"text-editor.default\">\n\t\t\t\t\t\t\t\t\t<p>La <strong data-start=\"179\" data-end=\"187\">MAAR<\/strong>, ne ocup\u0103m de tot ce \u021bine de ob\u021binerea unui credit, astfel \u00eenc\u00e2t tu s\u0103 economise\u0219ti timp \u0219i energie.<br data-start=\"288\" data-end=\"291\" \/>Gestion\u0103m fiecare etap\u0103 \u2013 <strong data-start=\"317\" data-end=\"383\">de la analiza dosarului \u0219i identificarea celei mai bune oferte<\/strong>, p\u00e2n\u0103 la <strong data-start=\"393\" data-end=\"471\">preg\u0103tirea documentelor, colaborarea cu b\u0103ncile \u0219i semnarea actelor finale<\/strong>.<br data-start=\"472\" data-end=\"475\" data-is-only-node=\"\" \/>Tu ne spui ce ai nevoie, iar noi \u00ee\u021bi oferim solu\u021bia potrivit\u0103, rapid \u0219i \u00een siguran\u021b\u0103.<\/p>\t\t\t\t\t\t\t\t<\/div>\n\t\t\t\t<\/div>\n\t\t\t\t\t<\/div>\n\t\t\t\t<\/div>\n\t\t<div class=\"elementor-element elementor-element-7df541c e-flex e-con-boxed e-con e-parent\" data-id=\"7df541c\" data-element_type=\"container\">\n\t\t\t\t\t<div class=\"e-con-inner\">\n\t\t\t\t<div class=\"elementor-element elementor-element-ea56778 elementor-widget elementor-widget-heading\" data-id=\"ea56778\" data-element_type=\"widget\" data-widget_type=\"heading.default\">\n\t\t\t\t\t<h2 class=\"elementor-heading-title elementor-size-default\">Colaborare direct\u0103 cu birou notarial<\/h2>\t\t\t\t<\/div>\n\t\t\t\t\t<\/div>\n\t\t\t\t<\/div>\n\t\t<div class=\"elementor-element elementor-element-4fb2bd0 e-grid e-con-boxed e-con e-parent\" data-id=\"4fb2bd0\" data-element_type=\"container\">\n\t\t\t\t\t<div class=\"e-con-inner\">\n\t\t\t\t<div class=\"elementor-element elementor-element-2309dfb elementor-widget elementor-widget-image\" data-id=\"2309dfb\" data-element_type=\"widget\" data-widget_type=\"image.default\">\n\t\t\t\t\t\t\t\t\t\t\t\t\t\t\t<img decoding=\"async\" width=\"640\" height=\"427\" src=\"https:\/\/maarbrokers.com\/wp-content\/uploads\/2025\/08\/notary-public-office-stamping-document-scaled-1-1024x683.jpg\" class=\"attachment-large size-large wp-image-182\" alt=\"\" srcset=\"https:\/\/maarbrokers.com\/wp-content\/uploads\/2025\/08\/notary-public-office-stamping-document-scaled-1-1024x683.jpg 1024w, https:\/\/maarbrokers.com\/wp-content\/uploads\/2025\/08\/notary-public-office-stamping-document-scaled-1-300x200.jpg 300w, https:\/\/maarbrokers.com\/wp-content\/uploads\/2025\/08\/notary-public-office-stamping-document-scaled-1-768x512.jpg 768w, https:\/\/maarbrokers.com\/wp-content\/uploads\/2025\/08\/notary-public-office-stamping-document-scaled-1-1536x1024.jpg 1536w, https:\/\/maarbrokers.com\/wp-content\/uploads\/2025\/08\/notary-public-office-stamping-document-scaled-1-2048x1366.jpg 2048w, https:\/\/maarbrokers.com\/wp-content\/uploads\/2025\/08\/notary-public-office-stamping-document-scaled-1-600x400.jpg 600w\" sizes=\"(max-width: 640px) 100vw, 640px\" \/>\t\t\t\t\t\t\t\t\t\t\t\t\t\t\t<\/div>\n\t\t\t\t<div class=\"elementor-element elementor-element-7d29014 elementor-widget elementor-widget-text-editor\" data-id=\"7d29014\" data-element_type=\"widget\" data-widget_type=\"text-editor.default\">\n\t\t\t\t\t\t\t\t\t<p data-start=\"70\" data-end=\"230\"><strong data-start=\"70\" data-end=\"120\">Pentru tranzac\u021biile cu autentificare notarial\u0103<\/strong> \u2013 credite ipotecare, refinan\u021b\u0103ri, v\u00e2nz\u0103ri-cump\u0103r\u0103ri \u2013 colabor\u0103m cu un birou notarial partener, oferindu-\u021bi:<\/p><ul data-start=\"232\" data-end=\"366\"><li data-start=\"232\" data-end=\"253\"><p data-start=\"234\" data-end=\"253\">program\u0103ri rapide<\/p><\/li><li data-start=\"254\" data-end=\"304\"><p data-start=\"256\" data-end=\"304\">asisten\u021b\u0103 la redactarea \u0219i verificarea actelor<\/p><\/li><li data-start=\"305\" data-end=\"329\"><p data-start=\"307\" data-end=\"329\">costuri transparente<\/p><\/li><li data-start=\"330\" data-end=\"366\"><p data-start=\"332\" data-end=\"366\">semnare eficient\u0103 a contractelor<\/p><\/li><\/ul>\t\t\t\t\t\t\t\t<\/div>\n\t\t\t\t\t<\/div>\n\t\t\t\t<\/div>\n\t\t\t\t<\/div>\n\t\t","protected":false},"excerpt":{"rendered":"<p>MAAR este o companie de brokeraj de credite \u00een plin\u0103 dezvoltare, fondat\u0103 cu pasiune pentru solu\u021bii financiare corecte \u0219i personalizate. Lucr\u0103m direct cu b\u0103ncile \u0219i clien\u021bii, oferind consultan\u021b\u0103 pentru ob\u021binerea de credite ipotecare, de nevoi personale, leasing sau pentru refinan\u021b\u0103ri. Servicii Complete \u2013 MAAR \u00ee\u021bi simplific\u0103 \u00eentregul proces La MAAR, ne ocup\u0103m de tot ce \u021bine de ob\u021binerea unui credit, [&hellip;]<\/p>\n","protected":false},"author":1,"featured_media":0,"parent":0,"menu_order":0,"comment_status":"closed","ping_status":"closed","template":"","meta":{"footnotes":""},"class_list":["post-20","page","type-page","status-publish","hentry"],"yoast_head":"<!-- This site is optimized with the Yoast SEO plugin v25.6 - https:\/\/yoast.com\/wordpress\/plugins\/seo\/ -->\n<title>Despre Noi - MAAR<\/title>\n<meta name=\"robots\" content=\"index, follow, max-snippet:-1, max-image-preview:large, max-video-preview:-1\" \/>\n<link rel=\"canonical\" href=\"https:\/\/maarbrokers.com\/index.php\/detalii-proiect\/\" \/>\n<meta property=\"og:locale\" content=\"ro_RO\" \/>\n<meta property=\"og:type\" content=\"article\" \/>\n<meta property=\"og:title\" content=\"Despre Noi - MAAR\" \/>\n<meta property=\"og:description\" content=\"MAAR este o companie de brokeraj de credite \u00een plin\u0103 dezvoltare, fondat\u0103 cu pasiune pentru solu\u021bii financiare corecte \u0219i personalizate. Lucr\u0103m direct cu b\u0103ncile \u0219i clien\u021bii, oferind consultan\u021b\u0103 pentru ob\u021binerea de credite ipotecare, de nevoi personale, leasing sau pentru refinan\u021b\u0103ri. Servicii Complete \u2013 MAAR \u00ee\u021bi simplific\u0103 \u00eentregul proces La MAAR, ne ocup\u0103m de tot ce \u021bine de ob\u021binerea unui credit, [&hellip;]\" \/>\n<meta property=\"og:url\" content=\"https:\/\/maarbrokers.com\/index.php\/detalii-proiect\/\" \/>\n<meta property=\"og:site_name\" content=\"MAAR\" \/>\n<meta property=\"article:modified_time\" content=\"2025-08-13T19:48:55+00:00\" \/>\n<meta property=\"og:image\" content=\"https:\/\/maarbrokers.com\/wp-content\/uploads\/2025\/08\/cine-suntem.webp\" \/>\n\t<meta property=\"og:image:width\" content=\"2000\" \/>\n\t<meta property=\"og:image:height\" content=\"1055\" \/>\n\t<meta property=\"og:image:type\" content=\"image\/webp\" \/>\n<meta name=\"twitter:card\" content=\"summary_large_image\" \/>\n<meta name=\"twitter:label1\" content=\"Timp estimat pentru citire\" \/>\n\t<meta name=\"twitter:data1\" content=\"1 minut\" \/>\n<script type=\"application\/ld+json\" class=\"yoast-schema-graph\">{\"@context\":\"https:\/\/schema.org\",\"@graph\":[{\"@type\":\"WebPage\",\"@id\":\"https:\/\/maarbrokers.com\/index.php\/detalii-proiect\/\",\"url\":\"https:\/\/maarbrokers.com\/index.php\/detalii-proiect\/\",\"name\":\"Despre Noi - MAAR\",\"isPartOf\":{\"@id\":\"https:\/\/maarbrokers.com\/#website\"},\"primaryImageOfPage\":{\"@id\":\"https:\/\/maarbrokers.com\/index.php\/detalii-proiect\/#primaryimage\"},\"image\":{\"@id\":\"https:\/\/maarbrokers.com\/index.php\/detalii-proiect\/#primaryimage\"},\"thumbnailUrl\":\"https:\/\/maarbrokers.com\/wp-content\/uploads\/2025\/08\/cine-suntem-1024x540.webp\",\"datePublished\":\"2025-06-20T09:56:41+00:00\",\"dateModified\":\"2025-08-13T19:48:55+00:00\",\"breadcrumb\":{\"@id\":\"https:\/\/maarbrokers.com\/index.php\/detalii-proiect\/#breadcrumb\"},\"inLanguage\":\"ro-RO\",\"potentialAction\":[{\"@type\":\"ReadAction\",\"target\":[\"https:\/\/maarbrokers.com\/index.php\/detalii-proiect\/\"]}]},{\"@type\":\"ImageObject\",\"inLanguage\":\"ro-RO\",\"@id\":\"https:\/\/maarbrokers.com\/index.php\/detalii-proiect\/#primaryimage\",\"url\":\"https:\/\/maarbrokers.com\/wp-content\/uploads\/2025\/08\/cine-suntem.webp\",\"contentUrl\":\"https:\/\/maarbrokers.com\/wp-content\/uploads\/2025\/08\/cine-suntem.webp\",\"width\":2000,\"height\":1055},{\"@type\":\"BreadcrumbList\",\"@id\":\"https:\/\/maarbrokers.com\/index.php\/detalii-proiect\/#breadcrumb\",\"itemListElement\":[{\"@type\":\"ListItem\",\"position\":1,\"name\":\"Prima pagin\u0103\",\"item\":\"https:\/\/maarbrokers.com\/\"},{\"@type\":\"ListItem\",\"position\":2,\"name\":\"Despre Noi\"}]},{\"@type\":\"WebSite\",\"@id\":\"https:\/\/maarbrokers.com\/#website\",\"url\":\"https:\/\/maarbrokers.com\/\",\"name\":\"MAAR\",\"description\":\"\",\"publisher\":{\"@id\":\"https:\/\/maarbrokers.com\/#organization\"},\"potentialAction\":[{\"@type\":\"SearchAction\",\"target\":{\"@type\":\"EntryPoint\",\"urlTemplate\":\"https:\/\/maarbrokers.com\/?s={search_term_string}\"},\"query-input\":{\"@type\":\"PropertyValueSpecification\",\"valueRequired\":true,\"valueName\":\"search_term_string\"}}],\"inLanguage\":\"ro-RO\"},{\"@type\":\"Organization\",\"@id\":\"https:\/\/maarbrokers.com\/#organization\",\"name\":\"MAAR\",\"url\":\"https:\/\/maarbrokers.com\/\",\"logo\":{\"@type\":\"ImageObject\",\"inLanguage\":\"ro-RO\",\"@id\":\"https:\/\/maarbrokers.com\/#\/schema\/logo\/image\/\",\"url\":\"https:\/\/maarbrokers.com\/wp-content\/uploads\/2025\/08\/cropped-467b3671-00d9-4029-a8ba-33c021cc7c5c.png\",\"contentUrl\":\"https:\/\/maarbrokers.com\/wp-content\/uploads\/2025\/08\/cropped-467b3671-00d9-4029-a8ba-33c021cc7c5c.png\",\"width\":1535,\"height\":922,\"caption\":\"MAAR\"},\"image\":{\"@id\":\"https:\/\/maarbrokers.com\/#\/schema\/logo\/image\/\"}}]}<\/script>\n<!-- \/ Yoast SEO plugin. -->","yoast_head_json":{"title":"Despre Noi - MAAR","robots":{"index":"index","follow":"follow","max-snippet":"max-snippet:-1","max-image-preview":"max-image-preview:large","max-video-preview":"max-video-preview:-1"},"canonical":"https:\/\/maarbrokers.com\/index.php\/detalii-proiect\/","og_locale":"ro_RO","og_type":"article","og_title":"Despre Noi - MAAR","og_description":"MAAR este o companie de brokeraj de credite \u00een plin\u0103 dezvoltare, fondat\u0103 cu pasiune pentru solu\u021bii financiare corecte \u0219i personalizate. Lucr\u0103m direct cu b\u0103ncile \u0219i clien\u021bii, oferind consultan\u021b\u0103 pentru ob\u021binerea de credite ipotecare, de nevoi personale, leasing sau pentru refinan\u021b\u0103ri. Servicii Complete \u2013 MAAR \u00ee\u021bi simplific\u0103 \u00eentregul proces La MAAR, ne ocup\u0103m de tot ce \u021bine de ob\u021binerea unui credit, [&hellip;]","og_url":"https:\/\/maarbrokers.com\/index.php\/detalii-proiect\/","og_site_name":"MAAR","article_modified_time":"2025-08-13T19:48:55+00:00","og_image":[{"width":2000,"height":1055,"url":"https:\/\/maarbrokers.com\/wp-content\/uploads\/2025\/08\/cine-suntem.webp","type":"image\/webp"}],"twitter_card":"summary_large_image","twitter_misc":{"Timp estimat pentru citire":"1 minut"},"schema":{"@context":"https:\/\/schema.org","@graph":[{"@type":"WebPage","@id":"https:\/\/maarbrokers.com\/index.php\/detalii-proiect\/","url":"https:\/\/maarbrokers.com\/index.php\/detalii-proiect\/","name":"Despre Noi - MAAR","isPartOf":{"@id":"https:\/\/maarbrokers.com\/#website"},"primaryImageOfPage":{"@id":"https:\/\/maarbrokers.com\/index.php\/detalii-proiect\/#primaryimage"},"image":{"@id":"https:\/\/maarbrokers.com\/index.php\/detalii-proiect\/#primaryimage"},"thumbnailUrl":"https:\/\/maarbrokers.com\/wp-content\/uploads\/2025\/08\/cine-suntem-1024x540.webp","datePublished":"2025-06-20T09:56:41+00:00","dateModified":"2025-08-13T19:48:55+00:00","breadcrumb":{"@id":"https:\/\/maarbrokers.com\/index.php\/detalii-proiect\/#breadcrumb"},"inLanguage":"ro-RO","potentialAction":[{"@type":"ReadAction","target":["https:\/\/maarbrokers.com\/index.php\/detalii-proiect\/"]}]},{"@type":"ImageObject","inLanguage":"ro-RO","@id":"https:\/\/maarbrokers.com\/index.php\/detalii-proiect\/#primaryimage","url":"https:\/\/maarbrokers.com\/wp-content\/uploads\/2025\/08\/cine-suntem.webp","contentUrl":"https:\/\/maarbrokers.com\/wp-content\/uploads\/2025\/08\/cine-suntem.webp","width":2000,"height":1055},{"@type":"BreadcrumbList","@id":"https:\/\/maarbrokers.com\/index.php\/detalii-proiect\/#breadcrumb","itemListElement":[{"@type":"ListItem","position":1,"name":"Prima pagin\u0103","item":"https:\/\/maarbrokers.com\/"},{"@type":"ListItem","position":2,"name":"Despre Noi"}]},{"@type":"WebSite","@id":"https:\/\/maarbrokers.com\/#website","url":"https:\/\/maarbrokers.com\/","name":"MAAR","description":"","publisher":{"@id":"https:\/\/maarbrokers.com\/#organization"},"potentialAction":[{"@type":"SearchAction","target":{"@type":"EntryPoint","urlTemplate":"https:\/\/maarbrokers.com\/?s={search_term_string}"},"query-input":{"@type":"PropertyValueSpecification","valueRequired":true,"valueName":"search_term_string"}}],"inLanguage":"ro-RO"},{"@type":"Organization","@id":"https:\/\/maarbrokers.com\/#organization","name":"MAAR","url":"https:\/\/maarbrokers.com\/","logo":{"@type":"ImageObject","inLanguage":"ro-RO","@id":"https:\/\/maarbrokers.com\/#\/schema\/logo\/image\/","url":"https:\/\/maarbrokers.com\/wp-content\/uploads\/2025\/08\/cropped-467b3671-00d9-4029-a8ba-33c021cc7c5c.png","contentUrl":"https:\/\/maarbrokers.com\/wp-content\/uploads\/2025\/08\/cropped-467b3671-00d9-4029-a8ba-33c021cc7c5c.png","width":1535,"height":922,"caption":"MAAR"},"image":{"@id":"https:\/\/maarbrokers.com\/#\/schema\/logo\/image\/"}}]}},"_links":{"self":[{"href":"https:\/\/maarbrokers.com\/index.php\/wp-json\/wp\/v2\/pages\/20","targetHints":{"allow":["GET"]}}],"collection":[{"href":"https:\/\/maarbrokers.com\/index.php\/wp-json\/wp\/v2\/pages"}],"about":[{"href":"https:\/\/maarbrokers.com\/index.php\/wp-json\/wp\/v2\/types\/page"}],"author":[{"embeddable":true,"href":"https:\/\/maarbrokers.com\/index.php\/wp-json\/wp\/v2\/users\/1"}],"replies":[{"embeddable":true,"href":"https:\/\/maarbrokers.com\/index.php\/wp-json\/wp\/v2\/comments?post=20"}],"version-history":[{"count":39,"href":"https:\/\/maarbrokers.com\/index.php\/wp-json\/wp\/v2\/pages\/20\/revisions"}],"predecessor-version":[{"id":423,"href":"https:\/\/maarbrokers.com\/index.php\/wp-json\/wp\/v2\/pages\/20\/revisions\/423"}],"wp:attachment":[{"href":"https:\/\/maarbrokers.com\/index.php\/wp-json\/wp\/v2\/media?parent=20"}],"curies":[{"name":"wp","href":"https:\/\/api.w.org\/{rel}","templated":true}]}}