{"id":262,"date":"2025-08-11T15:48:42","date_gmt":"2025-08-11T15:48:42","guid":{"rendered":"https:\/\/maarbrokers.com\/?page_id=262"},"modified":"2025-08-13T19:40:14","modified_gmt":"2025-08-13T19:40:14","slug":"credit-ipotecar","status":"publish","type":"page","link":"https:\/\/maarbrokers.com\/index.php\/credit-ipotecar\/","title":{"rendered":"Credit Ipotecar"},"content":{"rendered":"\t\t<div data-elementor-type=\"wp-page\" data-elementor-id=\"262\" class=\"elementor elementor-262\">\n\t\t\t\t<div class=\"elementor-element elementor-element-8d11470 e-flex e-con-boxed e-con e-parent\" data-id=\"8d11470\" data-element_type=\"container\">\n\t\t\t\t\t<div class=\"e-con-inner\">\n\t\t\t\t<div class=\"elementor-element elementor-element-433a0a7 elementor-widget elementor-widget-heading\" data-id=\"433a0a7\" data-element_type=\"widget\" data-widget_type=\"heading.default\">\n\t\t\t\t\t<h2 class=\"elementor-heading-title elementor-size-default\">De ce s\u0103 aplici prin MAAR?<\/h2>\t\t\t\t<\/div>\n\t\t\t\t\t<\/div>\n\t\t\t\t<\/div>\n\t\t<div class=\"elementor-element elementor-element-574c7b8 e-grid e-con-boxed e-con e-parent\" data-id=\"574c7b8\" data-element_type=\"container\">\n\t\t\t\t\t<div class=\"e-con-inner\">\n\t\t\t\t<div class=\"elementor-element elementor-element-8c17f46 elementor-widget elementor-widget-image\" data-id=\"8c17f46\" data-element_type=\"widget\" data-widget_type=\"image.default\">\n\t\t\t\t\t\t\t\t\t\t\t\t\t\t\t<img fetchpriority=\"high\" decoding=\"async\" width=\"640\" height=\"360\" src=\"https:\/\/maarbrokers.com\/wp-content\/uploads\/2025\/08\/credite-ipotecare-2.png\" class=\"attachment-large size-large wp-image-340\" alt=\"\" srcset=\"https:\/\/maarbrokers.com\/wp-content\/uploads\/2025\/08\/credite-ipotecare-2.png 1024w, https:\/\/maarbrokers.com\/wp-content\/uploads\/2025\/08\/credite-ipotecare-2-300x169.png 300w, https:\/\/maarbrokers.com\/wp-content\/uploads\/2025\/08\/credite-ipotecare-2-768x432.png 768w\" sizes=\"(max-width: 640px) 100vw, 640px\" \/>\t\t\t\t\t\t\t\t\t\t\t\t\t\t\t<\/div>\n\t\t\t\t<div class=\"elementor-element elementor-element-dacf774 elementor-widget elementor-widget-text-editor\" data-id=\"dacf774\" data-element_type=\"widget\" data-widget_type=\"text-editor.default\">\n\t\t\t\t\t\t\t\t\t<ul><li><strong>Consultan\u021b\u0103 personalizat\u0103<\/strong> \u2013 \u00ce\u021bi oferim sprijin complet, de la prima discu\u021bie p\u00e2n\u0103 la semnarea contractului. Ne ocup\u0103m de documenta\u021bie, negocieri \u0219i identificarea celei mai bune solu\u021bii pentru nevoile tale.<\/li><li><strong>Acces la cele mai bune oferte din pia\u021b\u0103<\/strong> \u2013 Colabor\u0103m cu mai multe b\u0103nci \u0219i institu\u021bii financiare pentru a-\u021bi oferi variante competitive, adaptate profilului t\u0103u financiar.<\/li><li><strong>Proces simplu \u0219i rapid<\/strong> \u2013 Ne ocup\u0103m de toate detaliile, astfel \u00eenc\u00e2t tu s\u0103 te po\u021bi concentra pe ceea ce conteaz\u0103: alegerea locuin\u021bei ideale.<\/li><\/ul>\t\t\t\t\t\t\t\t<\/div>\n\t\t\t\t\t<\/div>\n\t\t\t\t<\/div>\n\t\t<div class=\"elementor-element elementor-element-1b1e31e e-flex e-con-boxed e-con e-parent\" data-id=\"1b1e31e\" data-element_type=\"container\">\n\t\t\t\t\t<div class=\"e-con-inner\">\n\t\t\t\t<div class=\"elementor-element elementor-element-be59cf0 elementor-widget elementor-widget-heading\" data-id=\"be59cf0\" data-element_type=\"widget\" data-widget_type=\"heading.default\">\n\t\t\t\t\t<h2 class=\"elementor-heading-title elementor-size-default\">Ai deja un credit ipotecar? E momentul s\u0103-l refinan\u021bezi!<\/h2>\t\t\t\t<\/div>\n\t\t\t\t\t<\/div>\n\t\t\t\t<\/div>\n\t\t<div class=\"elementor-element elementor-element-ccf7786 e-grid e-con-boxed e-con e-parent\" data-id=\"ccf7786\" data-element_type=\"container\">\n\t\t\t\t\t<div class=\"e-con-inner\">\n\t\t\t\t<div class=\"elementor-element elementor-element-38b317c elementor-widget elementor-widget-image\" data-id=\"38b317c\" data-element_type=\"widget\" data-widget_type=\"image.default\">\n\t\t\t\t\t\t\t\t\t\t\t\t\t\t\t<img decoding=\"async\" width=\"640\" height=\"368\" src=\"https:\/\/maarbrokers.com\/wp-content\/uploads\/2025\/08\/125-1024x589.jpg\" class=\"attachment-large size-large wp-image-339\" alt=\"\" srcset=\"https:\/\/maarbrokers.com\/wp-content\/uploads\/2025\/08\/125-1024x589.jpg 1024w, https:\/\/maarbrokers.com\/wp-content\/uploads\/2025\/08\/125-300x173.jpg 300w, https:\/\/maarbrokers.com\/wp-content\/uploads\/2025\/08\/125-768x442.jpg 768w, https:\/\/maarbrokers.com\/wp-content\/uploads\/2025\/08\/125.jpg 1500w\" sizes=\"(max-width: 640px) 100vw, 640px\" \/>\t\t\t\t\t\t\t\t\t\t\t\t\t\t\t<\/div>\n\t\t\t\t<div class=\"elementor-element elementor-element-13653d2 elementor-widget elementor-widget-text-editor\" data-id=\"13653d2\" data-element_type=\"widget\" data-widget_type=\"text-editor.default\">\n\t\t\t\t\t\t\t\t\t<p><strong>Refinan\u021barea prin MAAR<\/strong> \u00ee\u021bi poate aduce:<\/p><ul><li><strong>Dob\u00e2nd\u0103 fix\u0103 <\/strong>\u00a0\u2013 Siguran\u021b\u0103 \u0219i predictibilitate pe o perioad\u0103 de 3 p\u00e2n\u0103 la 5 ani.<\/li><li><strong>Rat\u0103 lunar\u0103 mai mic\u0103<\/strong> \u2013 Adapt\u0103m creditul la situa\u021bia ta actual\u0103 pentru a-\u021bi reduce costurile.<\/li><li><strong>Condi\u021bii flexibile<\/strong> \u2013 Po\u021bi opta pentru perioade de gra\u021bie, comisioane reduse sau renegocierea termenilor.<\/li><\/ul>\t\t\t\t\t\t\t\t<\/div>\n\t\t\t\t\t<\/div>\n\t\t\t\t<\/div>\n\t\t<div class=\"elementor-element elementor-element-ef08370 e-flex e-con-boxed e-con e-parent\" data-id=\"ef08370\" data-element_type=\"container\">\n\t\t\t\t\t<div class=\"e-con-inner\">\n\t\t\t\t<div class=\"elementor-element elementor-element-c7e7281 elementor-widget elementor-widget-heading\" data-id=\"c7e7281\" data-element_type=\"widget\" data-widget_type=\"heading.default\">\n\t\t\t\t\t<h2 class=\"elementor-heading-title elementor-size-default\">De ce s\u0103 alegi o dob\u00e2nd\u0103 fix\u0103?<\/h2>\t\t\t\t<\/div>\n\t\t\t\t\t<\/div>\n\t\t\t\t<\/div>\n\t\t<div class=\"elementor-element elementor-element-8a18dfb e-grid e-con-boxed e-con e-parent\" data-id=\"8a18dfb\" data-element_type=\"container\">\n\t\t\t\t\t<div class=\"e-con-inner\">\n\t\t\t\t<div class=\"elementor-element elementor-element-aaae417 elementor-widget elementor-widget-image\" data-id=\"aaae417\" data-element_type=\"widget\" data-widget_type=\"image.default\">\n\t\t\t\t\t\t\t\t\t\t\t\t\t\t\t<img decoding=\"async\" width=\"640\" height=\"427\" src=\"https:\/\/maarbrokers.com\/wp-content\/uploads\/2025\/08\/benefits-of-paying-off-mortgage-early-768x512.jpg\" class=\"attachment-medium_large size-medium_large wp-image-417\" alt=\"\" srcset=\"https:\/\/maarbrokers.com\/wp-content\/uploads\/2025\/08\/benefits-of-paying-off-mortgage-early-768x512.jpg 768w, https:\/\/maarbrokers.com\/wp-content\/uploads\/2025\/08\/benefits-of-paying-off-mortgage-early-300x200.jpg 300w, https:\/\/maarbrokers.com\/wp-content\/uploads\/2025\/08\/benefits-of-paying-off-mortgage-early-1024x683.jpg 1024w, https:\/\/maarbrokers.com\/wp-content\/uploads\/2025\/08\/benefits-of-paying-off-mortgage-early-600x400.jpg 600w, https:\/\/maarbrokers.com\/wp-content\/uploads\/2025\/08\/benefits-of-paying-off-mortgage-early.jpg 1200w\" sizes=\"(max-width: 640px) 100vw, 640px\" \/>\t\t\t\t\t\t\t\t\t\t\t\t\t\t\t<\/div>\n\t\t\t\t<div class=\"elementor-element elementor-element-3a0e7ad elementor-widget elementor-widget-text-editor\" data-id=\"3a0e7ad\" data-element_type=\"widget\" data-widget_type=\"text-editor.default\">\n\t\t\t\t\t\t\t\t\t<ul><li data-start=\"113\" data-end=\"289\"><p data-start=\"115\" data-end=\"289\"><strong data-start=\"115\" data-end=\"130\">Stabilitate<\/strong> \u2013 Contractul t\u0103u nu va fi influen\u021bat de fluctua\u021biile dob\u00e2nzilor sau de schimb\u0103rile pie\u021bei financiare; ratele r\u0103m\u00e2n neschimbate pe toat\u0103 durata contractului.<\/p><\/li><li data-start=\"290\" data-end=\"461\"><p data-start=\"292\" data-end=\"461\"><strong data-start=\"292\" data-end=\"306\">Buget clar<\/strong> \u2013 \u0218tii din start exact c\u00e2t vei pl\u0103ti \u00een fiecare lun\u0103, f\u0103r\u0103 costuri ascunse sau surprize nepl\u0103cute, ceea ce \u00ee\u021bi permite o planificare financiar\u0103 precis\u0103.<\/p><\/li><li data-start=\"462\" data-end=\"689\"><p data-start=\"464\" data-end=\"689\"><strong data-start=\"464\" data-end=\"488\">Siguran\u021b\u0103 financiar\u0103<\/strong> \u2013 O op\u021biune ideal\u0103 \u00een perioade cu infla\u021bie ridicat\u0103 sau incertitudine economic\u0103, protej\u00e2ndu-\u021bi puterea de cump\u0103rare \u0219i oferindu-\u021bi lini\u0219tea de a te concentra pe afacerea ta sau pe nevoile personale.<\/p><\/li><\/ul>\t\t\t\t\t\t\t\t<\/div>\n\t\t\t\t\t<\/div>\n\t\t\t\t<\/div>\n\t\t<div class=\"elementor-element elementor-element-28cd3ec e-flex e-con-boxed e-con e-parent\" data-id=\"28cd3ec\" data-element_type=\"container\">\n\t\t\t\t\t<div class=\"e-con-inner\">\n\t\t\t\t<div class=\"elementor-element elementor-element-2cde8bd elementor-widget elementor-widget-heading\" data-id=\"2cde8bd\" data-element_type=\"widget\" data-widget_type=\"heading.default\">\n\t\t\t\t\t<h2 class=\"elementor-heading-title elementor-size-default\">E\u0219ti preg\u0103tit s\u0103 faci pasul urm\u0103tor?<\/h2>\t\t\t\t<\/div>\n\t\t\t\t\t<\/div>\n\t\t\t\t<\/div>\n\t\t<div class=\"elementor-element elementor-element-9b7d3e4 e-grid e-con-boxed e-con e-parent\" data-id=\"9b7d3e4\" data-element_type=\"container\">\n\t\t\t\t\t<div class=\"e-con-inner\">\n\t\t\t\t<div class=\"elementor-element elementor-element-65673ea elementor-widget elementor-widget-text-editor\" data-id=\"65673ea\" data-element_type=\"widget\" data-widget_type=\"text-editor.default\">\n\t\t\t\t\t\t\t\t\t<p>Completeaz\u0103 formularul de contact sau programeaz\u0103 o discu\u021bie gratuit\u0103 cu un consultant MAAR. Fie c\u0103 e\u0219ti la primul credit ipotecar sau cau\u021bi o refinan\u021bare mai avantajoas\u0103, suntem aici s\u0103-\u021bi oferim sprijinul necesar.<\/p>\t\t\t\t\t\t\t\t<\/div>\n\t\t\t\t\t<\/div>\n\t\t\t\t<\/div>\n\t\t\t\t<\/div>\n\t\t","protected":false},"excerpt":{"rendered":"<p>De ce s\u0103 aplici prin MAAR? Consultan\u021b\u0103 personalizat\u0103 \u2013 \u00ce\u021bi oferim sprijin complet, de la prima discu\u021bie p\u00e2n\u0103 la semnarea contractului. Ne ocup\u0103m de documenta\u021bie, negocieri \u0219i identificarea celei mai bune solu\u021bii pentru nevoile tale. Acces la cele mai bune oferte din pia\u021b\u0103 \u2013 Colabor\u0103m cu mai multe b\u0103nci \u0219i institu\u021bii financiare pentru a-\u021bi oferi variante competitive, adaptate profilului t\u0103u [&hellip;]<\/p>\n","protected":false},"author":1,"featured_media":0,"parent":0,"menu_order":0,"comment_status":"closed","ping_status":"closed","template":"","meta":{"footnotes":""},"class_list":["post-262","page","type-page","status-publish","hentry"],"yoast_head":"<!-- This site is optimized with the Yoast SEO plugin v25.6 - https:\/\/yoast.com\/wordpress\/plugins\/seo\/ -->\n<title>Credit Ipotecar - MAAR<\/title>\n<meta name=\"robots\" content=\"index, follow, max-snippet:-1, max-image-preview:large, max-video-preview:-1\" \/>\n<link rel=\"canonical\" href=\"https:\/\/maarbrokers.com\/index.php\/credit-ipotecar\/\" \/>\n<meta property=\"og:locale\" content=\"ro_RO\" \/>\n<meta property=\"og:type\" content=\"article\" \/>\n<meta property=\"og:title\" content=\"Credit Ipotecar - MAAR\" \/>\n<meta property=\"og:description\" content=\"De ce s\u0103 aplici prin MAAR? Consultan\u021b\u0103 personalizat\u0103 \u2013 \u00ce\u021bi oferim sprijin complet, de la prima discu\u021bie p\u00e2n\u0103 la semnarea contractului. Ne ocup\u0103m de documenta\u021bie, negocieri \u0219i identificarea celei mai bune solu\u021bii pentru nevoile tale. Acces la cele mai bune oferte din pia\u021b\u0103 \u2013 Colabor\u0103m cu mai multe b\u0103nci \u0219i institu\u021bii financiare pentru a-\u021bi oferi variante competitive, adaptate profilului t\u0103u [&hellip;]\" \/>\n<meta property=\"og:url\" content=\"https:\/\/maarbrokers.com\/index.php\/credit-ipotecar\/\" \/>\n<meta property=\"og:site_name\" content=\"MAAR\" \/>\n<meta property=\"article:modified_time\" content=\"2025-08-13T19:40:14+00:00\" \/>\n<meta property=\"og:image\" content=\"https:\/\/maarbrokers.com\/wp-content\/uploads\/2025\/08\/credite-ipotecare-2.png\" \/>\n\t<meta property=\"og:image:width\" content=\"1024\" \/>\n\t<meta property=\"og:image:height\" content=\"576\" \/>\n\t<meta property=\"og:image:type\" content=\"image\/png\" \/>\n<meta name=\"twitter:card\" content=\"summary_large_image\" \/>\n<meta name=\"twitter:label1\" content=\"Timp estimat pentru citire\" \/>\n\t<meta name=\"twitter:data1\" content=\"2 minute\" \/>\n<script type=\"application\/ld+json\" class=\"yoast-schema-graph\">{\"@context\":\"https:\/\/schema.org\",\"@graph\":[{\"@type\":\"WebPage\",\"@id\":\"https:\/\/maarbrokers.com\/index.php\/credit-ipotecar\/\",\"url\":\"https:\/\/maarbrokers.com\/index.php\/credit-ipotecar\/\",\"name\":\"Credit Ipotecar - MAAR\",\"isPartOf\":{\"@id\":\"https:\/\/maarbrokers.com\/#website\"},\"primaryImageOfPage\":{\"@id\":\"https:\/\/maarbrokers.com\/index.php\/credit-ipotecar\/#primaryimage\"},\"image\":{\"@id\":\"https:\/\/maarbrokers.com\/index.php\/credit-ipotecar\/#primaryimage\"},\"thumbnailUrl\":\"https:\/\/maarbrokers.com\/wp-content\/uploads\/2025\/08\/credite-ipotecare-2.png\",\"datePublished\":\"2025-08-11T15:48:42+00:00\",\"dateModified\":\"2025-08-13T19:40:14+00:00\",\"breadcrumb\":{\"@id\":\"https:\/\/maarbrokers.com\/index.php\/credit-ipotecar\/#breadcrumb\"},\"inLanguage\":\"ro-RO\",\"potentialAction\":[{\"@type\":\"ReadAction\",\"target\":[\"https:\/\/maarbrokers.com\/index.php\/credit-ipotecar\/\"]}]},{\"@type\":\"ImageObject\",\"inLanguage\":\"ro-RO\",\"@id\":\"https:\/\/maarbrokers.com\/index.php\/credit-ipotecar\/#primaryimage\",\"url\":\"https:\/\/maarbrokers.com\/wp-content\/uploads\/2025\/08\/credite-ipotecare-2.png\",\"contentUrl\":\"https:\/\/maarbrokers.com\/wp-content\/uploads\/2025\/08\/credite-ipotecare-2.png\",\"width\":1024,\"height\":576},{\"@type\":\"BreadcrumbList\",\"@id\":\"https:\/\/maarbrokers.com\/index.php\/credit-ipotecar\/#breadcrumb\",\"itemListElement\":[{\"@type\":\"ListItem\",\"position\":1,\"name\":\"Prima pagin\u0103\",\"item\":\"https:\/\/maarbrokers.com\/\"},{\"@type\":\"ListItem\",\"position\":2,\"name\":\"Credit Ipotecar\"}]},{\"@type\":\"WebSite\",\"@id\":\"https:\/\/maarbrokers.com\/#website\",\"url\":\"https:\/\/maarbrokers.com\/\",\"name\":\"MAAR\",\"description\":\"\",\"publisher\":{\"@id\":\"https:\/\/maarbrokers.com\/#organization\"},\"potentialAction\":[{\"@type\":\"SearchAction\",\"target\":{\"@type\":\"EntryPoint\",\"urlTemplate\":\"https:\/\/maarbrokers.com\/?s={search_term_string}\"},\"query-input\":{\"@type\":\"PropertyValueSpecification\",\"valueRequired\":true,\"valueName\":\"search_term_string\"}}],\"inLanguage\":\"ro-RO\"},{\"@type\":\"Organization\",\"@id\":\"https:\/\/maarbrokers.com\/#organization\",\"name\":\"MAAR\",\"url\":\"https:\/\/maarbrokers.com\/\",\"logo\":{\"@type\":\"ImageObject\",\"inLanguage\":\"ro-RO\",\"@id\":\"https:\/\/maarbrokers.com\/#\/schema\/logo\/image\/\",\"url\":\"https:\/\/maarbrokers.com\/wp-content\/uploads\/2025\/08\/cropped-467b3671-00d9-4029-a8ba-33c021cc7c5c.png\",\"contentUrl\":\"https:\/\/maarbrokers.com\/wp-content\/uploads\/2025\/08\/cropped-467b3671-00d9-4029-a8ba-33c021cc7c5c.png\",\"width\":1535,\"height\":922,\"caption\":\"MAAR\"},\"image\":{\"@id\":\"https:\/\/maarbrokers.com\/#\/schema\/logo\/image\/\"}}]}<\/script>\n<!-- \/ Yoast SEO plugin. -->","yoast_head_json":{"title":"Credit Ipotecar - MAAR","robots":{"index":"index","follow":"follow","max-snippet":"max-snippet:-1","max-image-preview":"max-image-preview:large","max-video-preview":"max-video-preview:-1"},"canonical":"https:\/\/maarbrokers.com\/index.php\/credit-ipotecar\/","og_locale":"ro_RO","og_type":"article","og_title":"Credit Ipotecar - MAAR","og_description":"De ce s\u0103 aplici prin MAAR? Consultan\u021b\u0103 personalizat\u0103 \u2013 \u00ce\u021bi oferim sprijin complet, de la prima discu\u021bie p\u00e2n\u0103 la semnarea contractului. Ne ocup\u0103m de documenta\u021bie, negocieri \u0219i identificarea celei mai bune solu\u021bii pentru nevoile tale. Acces la cele mai bune oferte din pia\u021b\u0103 \u2013 Colabor\u0103m cu mai multe b\u0103nci \u0219i institu\u021bii financiare pentru a-\u021bi oferi variante competitive, adaptate profilului t\u0103u [&hellip;]","og_url":"https:\/\/maarbrokers.com\/index.php\/credit-ipotecar\/","og_site_name":"MAAR","article_modified_time":"2025-08-13T19:40:14+00:00","og_image":[{"width":1024,"height":576,"url":"https:\/\/maarbrokers.com\/wp-content\/uploads\/2025\/08\/credite-ipotecare-2.png","type":"image\/png"}],"twitter_card":"summary_large_image","twitter_misc":{"Timp estimat pentru citire":"2 minute"},"schema":{"@context":"https:\/\/schema.org","@graph":[{"@type":"WebPage","@id":"https:\/\/maarbrokers.com\/index.php\/credit-ipotecar\/","url":"https:\/\/maarbrokers.com\/index.php\/credit-ipotecar\/","name":"Credit Ipotecar - MAAR","isPartOf":{"@id":"https:\/\/maarbrokers.com\/#website"},"primaryImageOfPage":{"@id":"https:\/\/maarbrokers.com\/index.php\/credit-ipotecar\/#primaryimage"},"image":{"@id":"https:\/\/maarbrokers.com\/index.php\/credit-ipotecar\/#primaryimage"},"thumbnailUrl":"https:\/\/maarbrokers.com\/wp-content\/uploads\/2025\/08\/credite-ipotecare-2.png","datePublished":"2025-08-11T15:48:42+00:00","dateModified":"2025-08-13T19:40:14+00:00","breadcrumb":{"@id":"https:\/\/maarbrokers.com\/index.php\/credit-ipotecar\/#breadcrumb"},"inLanguage":"ro-RO","potentialAction":[{"@type":"ReadAction","target":["https:\/\/maarbrokers.com\/index.php\/credit-ipotecar\/"]}]},{"@type":"ImageObject","inLanguage":"ro-RO","@id":"https:\/\/maarbrokers.com\/index.php\/credit-ipotecar\/#primaryimage","url":"https:\/\/maarbrokers.com\/wp-content\/uploads\/2025\/08\/credite-ipotecare-2.png","contentUrl":"https:\/\/maarbrokers.com\/wp-content\/uploads\/2025\/08\/credite-ipotecare-2.png","width":1024,"height":576},{"@type":"BreadcrumbList","@id":"https:\/\/maarbrokers.com\/index.php\/credit-ipotecar\/#breadcrumb","itemListElement":[{"@type":"ListItem","position":1,"name":"Prima pagin\u0103","item":"https:\/\/maarbrokers.com\/"},{"@type":"ListItem","position":2,"name":"Credit Ipotecar"}]},{"@type":"WebSite","@id":"https:\/\/maarbrokers.com\/#website","url":"https:\/\/maarbrokers.com\/","name":"MAAR","description":"","publisher":{"@id":"https:\/\/maarbrokers.com\/#organization"},"potentialAction":[{"@type":"SearchAction","target":{"@type":"EntryPoint","urlTemplate":"https:\/\/maarbrokers.com\/?s={search_term_string}"},"query-input":{"@type":"PropertyValueSpecification","valueRequired":true,"valueName":"search_term_string"}}],"inLanguage":"ro-RO"},{"@type":"Organization","@id":"https:\/\/maarbrokers.com\/#organization","name":"MAAR","url":"https:\/\/maarbrokers.com\/","logo":{"@type":"ImageObject","inLanguage":"ro-RO","@id":"https:\/\/maarbrokers.com\/#\/schema\/logo\/image\/","url":"https:\/\/maarbrokers.com\/wp-content\/uploads\/2025\/08\/cropped-467b3671-00d9-4029-a8ba-33c021cc7c5c.png","contentUrl":"https:\/\/maarbrokers.com\/wp-content\/uploads\/2025\/08\/cropped-467b3671-00d9-4029-a8ba-33c021cc7c5c.png","width":1535,"height":922,"caption":"MAAR"},"image":{"@id":"https:\/\/maarbrokers.com\/#\/schema\/logo\/image\/"}}]}},"_links":{"self":[{"href":"https:\/\/maarbrokers.com\/index.php\/wp-json\/wp\/v2\/pages\/262","targetHints":{"allow":["GET"]}}],"collection":[{"href":"https:\/\/maarbrokers.com\/index.php\/wp-json\/wp\/v2\/pages"}],"about":[{"href":"https:\/\/maarbrokers.com\/index.php\/wp-json\/wp\/v2\/types\/page"}],"author":[{"embeddable":true,"href":"https:\/\/maarbrokers.com\/index.php\/wp-json\/wp\/v2\/users\/1"}],"replies":[{"embeddable":true,"href":"https:\/\/maarbrokers.com\/index.php\/wp-json\/wp\/v2\/comments?post=262"}],"version-history":[{"count":19,"href":"https:\/\/maarbrokers.com\/index.php\/wp-json\/wp\/v2\/pages\/262\/revisions"}],"predecessor-version":[{"id":420,"href":"https:\/\/maarbrokers.com\/index.php\/wp-json\/wp\/v2\/pages\/262\/revisions\/420"}],"wp:attachment":[{"href":"https:\/\/maarbrokers.com\/index.php\/wp-json\/wp\/v2\/media?parent=262"}],"curies":[{"name":"wp","href":"https:\/\/api.w.org\/{rel}","templated":true}]}}