{"id":266,"date":"2025-08-11T15:51:00","date_gmt":"2025-08-11T15:51:00","guid":{"rendered":"https:\/\/maarbrokers.com\/?page_id=266"},"modified":"2025-08-13T19:29:04","modified_gmt":"2025-08-13T19:29:04","slug":"leasing-auto","status":"publish","type":"page","link":"https:\/\/maarbrokers.com\/index.php\/leasing-auto\/","title":{"rendered":"Leasing Auto"},"content":{"rendered":"\t\t<div data-elementor-type=\"wp-page\" data-elementor-id=\"266\" class=\"elementor elementor-266\">\n\t\t\t\t<div class=\"elementor-element elementor-element-01a8407 e-flex e-con-boxed e-con e-parent\" data-id=\"01a8407\" data-element_type=\"container\">\n\t\t\t\t\t<div class=\"e-con-inner\">\n\t\t\t\t<div class=\"elementor-element elementor-element-adb8fee elementor-widget elementor-widget-heading\" data-id=\"adb8fee\" data-element_type=\"widget\" data-widget_type=\"heading.default\">\n\t\t\t\t\t<h2 class=\"elementor-heading-title elementor-size-default\">Pentru persoane fizice<\/h2>\t\t\t\t<\/div>\n\t\t\t\t\t<\/div>\n\t\t\t\t<\/div>\n\t\t<div class=\"elementor-element elementor-element-b9f5a77 e-grid e-con-boxed e-con e-parent\" data-id=\"b9f5a77\" data-element_type=\"container\">\n\t\t\t\t\t<div class=\"e-con-inner\">\n\t\t\t\t<div class=\"elementor-element elementor-element-6c82d5d elementor-widget elementor-widget-image\" data-id=\"6c82d5d\" data-element_type=\"widget\" data-widget_type=\"image.default\">\n\t\t\t\t\t\t\t\t\t\t\t\t\t\t\t<img fetchpriority=\"high\" decoding=\"async\" width=\"640\" height=\"390\" src=\"https:\/\/maarbrokers.com\/wp-content\/uploads\/2025\/08\/AdobeStock_288590743-870x530-1.jpeg\" class=\"attachment-large size-large wp-image-381\" alt=\"\" srcset=\"https:\/\/maarbrokers.com\/wp-content\/uploads\/2025\/08\/AdobeStock_288590743-870x530-1.jpeg 870w, https:\/\/maarbrokers.com\/wp-content\/uploads\/2025\/08\/AdobeStock_288590743-870x530-1-300x183.jpeg 300w, https:\/\/maarbrokers.com\/wp-content\/uploads\/2025\/08\/AdobeStock_288590743-870x530-1-768x468.jpeg 768w\" sizes=\"(max-width: 640px) 100vw, 640px\" \/>\t\t\t\t\t\t\t\t\t\t\t\t\t\t\t<\/div>\n\t\t\t\t<div class=\"elementor-element elementor-element-0e92063 elementor-widget elementor-widget-text-editor\" data-id=\"0e92063\" data-element_type=\"widget\" data-widget_type=\"text-editor.default\">\n\t\t\t\t\t\t\t\t\t<ul><li data-start=\"106\" data-end=\"218\"><p data-start=\"108\" data-end=\"218\"><strong data-start=\"111\" data-end=\"131\">Finan\u021bare rapid\u0103<\/strong> pentru achizi\u021bia de autoturisme noi sau rulate, adaptat\u0103 bugetului \u0219i nevoilor tale.<\/p><\/li><li data-start=\"219\" data-end=\"331\"><p data-start=\"221\" data-end=\"331\"><strong data-start=\"224\" data-end=\"265\">Aprob\u0103ri rapide \u0219i condi\u021bii flexibile<\/strong>, astfel \u00eenc\u00e2t s\u0103 te bucuri de ma\u0219ina dorit\u0103 f\u0103r\u0103 a pierde timp.<\/p><\/li><li data-start=\"332\" data-end=\"414\"><p data-start=\"334\" data-end=\"414\"><strong data-start=\"337\" data-end=\"352\">Avans redus<\/strong>, \u00eencep\u00e2nd de la doar <strong data-start=\"374\" data-end=\"381\">10%<\/strong>, pentru accesibilitate maxim\u0103.<\/p><\/li><li data-start=\"415\" data-end=\"545\"><p data-start=\"417\" data-end=\"545\"><strong data-start=\"420\" data-end=\"460\">Perioad\u0103 de leasing \u00eentre 1 \u0219i 5 ani<\/strong>, cu posibilitatea de personalizare a ratelor \u00een func\u021bie de venituri \u0219i preferin\u021be.<\/p><\/li><\/ul>\t\t\t\t\t\t\t\t<\/div>\n\t\t\t\t\t<\/div>\n\t\t\t\t<\/div>\n\t\t<div class=\"elementor-element elementor-element-bfc4b06 e-flex e-con-boxed e-con e-parent\" data-id=\"bfc4b06\" data-element_type=\"container\">\n\t\t\t\t\t<div class=\"e-con-inner\">\n\t\t\t\t<div class=\"elementor-element elementor-element-b9ebd8b elementor-widget elementor-widget-heading\" data-id=\"b9ebd8b\" data-element_type=\"widget\" data-widget_type=\"heading.default\">\n\t\t\t\t\t<h2 class=\"elementor-heading-title elementor-size-default\">Pentru persoane juridice<\/h2>\t\t\t\t<\/div>\n\t\t\t\t\t<\/div>\n\t\t\t\t<\/div>\n\t\t<div class=\"elementor-element elementor-element-94df036 e-grid e-con-boxed e-con e-parent\" data-id=\"94df036\" data-element_type=\"container\">\n\t\t\t\t\t<div class=\"e-con-inner\">\n\t\t\t\t<div class=\"elementor-element elementor-element-c798f7f elementor-widget elementor-widget-image\" data-id=\"c798f7f\" data-element_type=\"widget\" data-widget_type=\"image.default\">\n\t\t\t\t\t\t\t\t\t\t\t\t\t\t\t<img decoding=\"async\" width=\"612\" height=\"390\" src=\"https:\/\/maarbrokers.com\/wp-content\/uploads\/2025\/08\/abc-predare-leasing-cumparator-dealer.jpeg.webp\" class=\"attachment-large size-large wp-image-383\" alt=\"\" srcset=\"https:\/\/maarbrokers.com\/wp-content\/uploads\/2025\/08\/abc-predare-leasing-cumparator-dealer.jpeg.webp 612w, https:\/\/maarbrokers.com\/wp-content\/uploads\/2025\/08\/abc-predare-leasing-cumparator-dealer.jpeg-300x191.webp 300w\" sizes=\"(max-width: 612px) 100vw, 612px\" \/>\t\t\t\t\t\t\t\t\t\t\t\t\t\t\t<\/div>\n\t\t\t\t<div class=\"elementor-element elementor-element-328e829 elementor-widget elementor-widget-text-editor\" data-id=\"328e829\" data-element_type=\"widget\" data-widget_type=\"text-editor.default\">\n\t\t\t\t\t\t\t\t\t<p>Indiferent dac\u0103 ai o firm\u0103 cu experien\u021b\u0103 sau <strong>o companie nou \u00eenfiin\u021bat\u0103<\/strong>, te putem ajuta s\u0103 \u00ee\u021bi construie\u0219ti sau s\u0103 \u00ee\u021bi extinzi flota auto.<\/p><ul><li><strong>Leasing auto pentru firme start-up<\/strong> \u2013 Nu ai nevoie de ani de activitate pentru a ob\u021bine finan\u021bare;<\/li><li><strong>Autoturisme, autoutilitare, vehicule comerciale<\/strong> \u2013 Alegi ce se potrive\u0219te afacerii tale;<\/li><li><strong>Solu\u021bii personalizate pentru spa\u021bii comerciale sau logistice<\/strong> \u2013 Oferim leasing \u0219i pentru <strong>spa\u021bii de birouri, hale, depozite<\/strong>, \u00een func\u021bie de profilul firmei.<\/li><\/ul>\t\t\t\t\t\t\t\t<\/div>\n\t\t\t\t\t<\/div>\n\t\t\t\t<\/div>\n\t\t<div class=\"elementor-element elementor-element-d2cff6d e-flex e-con-boxed e-con e-parent\" data-id=\"d2cff6d\" data-element_type=\"container\">\n\t\t\t\t\t<div class=\"e-con-inner\">\n\t\t\t\t<div class=\"elementor-element elementor-element-662313f elementor-widget elementor-widget-heading\" data-id=\"662313f\" data-element_type=\"widget\" data-widget_type=\"heading.default\">\n\t\t\t\t\t<h2 class=\"elementor-heading-title elementor-size-default\">De ce s\u0103 alegi MAAR?<\/h2>\t\t\t\t<\/div>\n\t\t\t\t\t<\/div>\n\t\t\t\t<\/div>\n\t\t<div class=\"elementor-element elementor-element-1100b62 e-grid e-con-boxed e-con e-parent\" data-id=\"1100b62\" data-element_type=\"container\">\n\t\t\t\t\t<div class=\"e-con-inner\">\n\t\t\t\t<div class=\"elementor-element elementor-element-4394551 elementor-widget elementor-widget-image\" data-id=\"4394551\" data-element_type=\"widget\" data-widget_type=\"image.default\">\n\t\t\t\t\t\t\t\t\t\t\t\t\t\t\t<img decoding=\"async\" width=\"640\" height=\"426\" src=\"https:\/\/maarbrokers.com\/wp-content\/uploads\/2025\/08\/image-2024-05-20-27146975-41-asigurare-rca.webp\" class=\"attachment-large size-large wp-image-384\" alt=\"\" srcset=\"https:\/\/maarbrokers.com\/wp-content\/uploads\/2025\/08\/image-2024-05-20-27146975-41-asigurare-rca.webp 800w, https:\/\/maarbrokers.com\/wp-content\/uploads\/2025\/08\/image-2024-05-20-27146975-41-asigurare-rca-300x200.webp 300w, https:\/\/maarbrokers.com\/wp-content\/uploads\/2025\/08\/image-2024-05-20-27146975-41-asigurare-rca-768x512.webp 768w, https:\/\/maarbrokers.com\/wp-content\/uploads\/2025\/08\/image-2024-05-20-27146975-41-asigurare-rca-600x400.webp 600w\" sizes=\"(max-width: 640px) 100vw, 640px\" \/>\t\t\t\t\t\t\t\t\t\t\t\t\t\t\t<\/div>\n\t\t\t\t<div class=\"elementor-element elementor-element-3234484 elementor-widget elementor-widget-text-editor\" data-id=\"3234484\" data-element_type=\"widget\" data-widget_type=\"text-editor.default\">\n\t\t\t\t\t\t\t\t\t<ul><li data-start=\"99\" data-end=\"292\"><p data-start=\"101\" data-end=\"292\"><strong data-start=\"103\" data-end=\"151\">Consultan\u021b\u0103 gratuit\u0103 \u0219i complet\u0103, pas cu pas<\/strong> \u2013 te ghid\u0103m de la prima discu\u021bie p\u00e2n\u0103 la semnarea contractului, explic\u00e2ndu-\u021bi fiecare etap\u0103 \u0219i oferindu-\u021bi solu\u021bii adaptate nevoilor tale.<\/p><\/li><li data-start=\"293\" data-end=\"481\"><p data-start=\"295\" data-end=\"481\"><strong data-start=\"297\" data-end=\"347\">Posibilitatea de pre-aprobare f\u0103r\u0103 angajamente<\/strong> \u2013 afli rapid dac\u0103 te \u00eencadrezi, f\u0103r\u0103 s\u0103 fii obligat s\u0103 continui procesul; \u00ee\u021bi oferim libertatea de a decide \u00een cuno\u0219tin\u021b\u0103 de cauz\u0103.<\/p><\/li><li data-start=\"482\" data-end=\"705\"><p data-start=\"484\" data-end=\"705\"><strong data-start=\"486\" data-end=\"552\">Suport \u00een alegerea autoturismului, evaluare \u0219i \u00eentocmire dosar<\/strong> \u2013 te asist\u0103m \u00een identificarea celei mai bune op\u021biuni, verific\u0103m istoricul \u0219i starea ma\u0219inii, iar apoi preg\u0103tim dosarul complet pentru aprobare rapid\u0103.<\/p><\/li><\/ul>\t\t\t\t\t\t\t\t<\/div>\n\t\t\t\t\t<\/div>\n\t\t\t\t<\/div>\n\t\t\t\t<\/div>\n\t\t","protected":false},"excerpt":{"rendered":"<p>Pentru persoane fizice Finan\u021bare rapid\u0103 pentru achizi\u021bia de autoturisme noi sau rulate, adaptat\u0103 bugetului \u0219i nevoilor tale. Aprob\u0103ri rapide \u0219i condi\u021bii flexibile, astfel \u00eenc\u00e2t s\u0103 te bucuri de ma\u0219ina dorit\u0103 f\u0103r\u0103 a pierde timp. Avans redus, \u00eencep\u00e2nd de la doar 10%, pentru accesibilitate maxim\u0103. Perioad\u0103 de leasing \u00eentre 1 \u0219i 5 ani, cu posibilitatea de personalizare a ratelor \u00een func\u021bie [&hellip;]<\/p>\n","protected":false},"author":1,"featured_media":0,"parent":0,"menu_order":0,"comment_status":"closed","ping_status":"closed","template":"","meta":{"footnotes":""},"class_list":["post-266","page","type-page","status-publish","hentry"],"yoast_head":"<!-- This site is optimized with the Yoast SEO plugin v25.6 - https:\/\/yoast.com\/wordpress\/plugins\/seo\/ -->\n<title>Leasing Auto - MAAR<\/title>\n<meta name=\"robots\" content=\"index, follow, max-snippet:-1, max-image-preview:large, max-video-preview:-1\" \/>\n<link rel=\"canonical\" href=\"https:\/\/maarbrokers.com\/index.php\/leasing-auto\/\" \/>\n<meta property=\"og:locale\" content=\"ro_RO\" \/>\n<meta property=\"og:type\" content=\"article\" \/>\n<meta property=\"og:title\" content=\"Leasing Auto - MAAR\" \/>\n<meta property=\"og:description\" content=\"Pentru persoane fizice Finan\u021bare rapid\u0103 pentru achizi\u021bia de autoturisme noi sau rulate, adaptat\u0103 bugetului \u0219i nevoilor tale. Aprob\u0103ri rapide \u0219i condi\u021bii flexibile, astfel \u00eenc\u00e2t s\u0103 te bucuri de ma\u0219ina dorit\u0103 f\u0103r\u0103 a pierde timp. Avans redus, \u00eencep\u00e2nd de la doar 10%, pentru accesibilitate maxim\u0103. Perioad\u0103 de leasing \u00eentre 1 \u0219i 5 ani, cu posibilitatea de personalizare a ratelor \u00een func\u021bie [&hellip;]\" \/>\n<meta property=\"og:url\" content=\"https:\/\/maarbrokers.com\/index.php\/leasing-auto\/\" \/>\n<meta property=\"og:site_name\" content=\"MAAR\" \/>\n<meta property=\"article:modified_time\" content=\"2025-08-13T19:29:04+00:00\" \/>\n<meta property=\"og:image\" content=\"https:\/\/maarbrokers.com\/wp-content\/uploads\/2025\/08\/AdobeStock_288590743-870x530-1.jpeg\" \/>\n\t<meta property=\"og:image:width\" content=\"870\" \/>\n\t<meta property=\"og:image:height\" content=\"530\" \/>\n\t<meta property=\"og:image:type\" content=\"image\/jpeg\" \/>\n<meta name=\"twitter:card\" content=\"summary_large_image\" \/>\n<meta name=\"twitter:label1\" content=\"Timp estimat pentru citire\" \/>\n\t<meta name=\"twitter:data1\" content=\"2 minute\" \/>\n<script type=\"application\/ld+json\" class=\"yoast-schema-graph\">{\"@context\":\"https:\/\/schema.org\",\"@graph\":[{\"@type\":\"WebPage\",\"@id\":\"https:\/\/maarbrokers.com\/index.php\/leasing-auto\/\",\"url\":\"https:\/\/maarbrokers.com\/index.php\/leasing-auto\/\",\"name\":\"Leasing Auto - MAAR\",\"isPartOf\":{\"@id\":\"https:\/\/maarbrokers.com\/#website\"},\"primaryImageOfPage\":{\"@id\":\"https:\/\/maarbrokers.com\/index.php\/leasing-auto\/#primaryimage\"},\"image\":{\"@id\":\"https:\/\/maarbrokers.com\/index.php\/leasing-auto\/#primaryimage\"},\"thumbnailUrl\":\"https:\/\/maarbrokers.com\/wp-content\/uploads\/2025\/08\/AdobeStock_288590743-870x530-1.jpeg\",\"datePublished\":\"2025-08-11T15:51:00+00:00\",\"dateModified\":\"2025-08-13T19:29:04+00:00\",\"breadcrumb\":{\"@id\":\"https:\/\/maarbrokers.com\/index.php\/leasing-auto\/#breadcrumb\"},\"inLanguage\":\"ro-RO\",\"potentialAction\":[{\"@type\":\"ReadAction\",\"target\":[\"https:\/\/maarbrokers.com\/index.php\/leasing-auto\/\"]}]},{\"@type\":\"ImageObject\",\"inLanguage\":\"ro-RO\",\"@id\":\"https:\/\/maarbrokers.com\/index.php\/leasing-auto\/#primaryimage\",\"url\":\"https:\/\/maarbrokers.com\/wp-content\/uploads\/2025\/08\/AdobeStock_288590743-870x530-1.jpeg\",\"contentUrl\":\"https:\/\/maarbrokers.com\/wp-content\/uploads\/2025\/08\/AdobeStock_288590743-870x530-1.jpeg\",\"width\":870,\"height\":530,\"caption\":\"Sale agent deal to agreement successful car loan contract with customer and sign agreement contract Insurance car concept.\"},{\"@type\":\"BreadcrumbList\",\"@id\":\"https:\/\/maarbrokers.com\/index.php\/leasing-auto\/#breadcrumb\",\"itemListElement\":[{\"@type\":\"ListItem\",\"position\":1,\"name\":\"Prima pagin\u0103\",\"item\":\"https:\/\/maarbrokers.com\/\"},{\"@type\":\"ListItem\",\"position\":2,\"name\":\"Leasing Auto\"}]},{\"@type\":\"WebSite\",\"@id\":\"https:\/\/maarbrokers.com\/#website\",\"url\":\"https:\/\/maarbrokers.com\/\",\"name\":\"MAAR\",\"description\":\"\",\"publisher\":{\"@id\":\"https:\/\/maarbrokers.com\/#organization\"},\"potentialAction\":[{\"@type\":\"SearchAction\",\"target\":{\"@type\":\"EntryPoint\",\"urlTemplate\":\"https:\/\/maarbrokers.com\/?s={search_term_string}\"},\"query-input\":{\"@type\":\"PropertyValueSpecification\",\"valueRequired\":true,\"valueName\":\"search_term_string\"}}],\"inLanguage\":\"ro-RO\"},{\"@type\":\"Organization\",\"@id\":\"https:\/\/maarbrokers.com\/#organization\",\"name\":\"MAAR\",\"url\":\"https:\/\/maarbrokers.com\/\",\"logo\":{\"@type\":\"ImageObject\",\"inLanguage\":\"ro-RO\",\"@id\":\"https:\/\/maarbrokers.com\/#\/schema\/logo\/image\/\",\"url\":\"https:\/\/maarbrokers.com\/wp-content\/uploads\/2025\/08\/cropped-467b3671-00d9-4029-a8ba-33c021cc7c5c.png\",\"contentUrl\":\"https:\/\/maarbrokers.com\/wp-content\/uploads\/2025\/08\/cropped-467b3671-00d9-4029-a8ba-33c021cc7c5c.png\",\"width\":1535,\"height\":922,\"caption\":\"MAAR\"},\"image\":{\"@id\":\"https:\/\/maarbrokers.com\/#\/schema\/logo\/image\/\"}}]}<\/script>\n<!-- \/ Yoast SEO plugin. -->","yoast_head_json":{"title":"Leasing Auto - MAAR","robots":{"index":"index","follow":"follow","max-snippet":"max-snippet:-1","max-image-preview":"max-image-preview:large","max-video-preview":"max-video-preview:-1"},"canonical":"https:\/\/maarbrokers.com\/index.php\/leasing-auto\/","og_locale":"ro_RO","og_type":"article","og_title":"Leasing Auto - MAAR","og_description":"Pentru persoane fizice Finan\u021bare rapid\u0103 pentru achizi\u021bia de autoturisme noi sau rulate, adaptat\u0103 bugetului \u0219i nevoilor tale. Aprob\u0103ri rapide \u0219i condi\u021bii flexibile, astfel \u00eenc\u00e2t s\u0103 te bucuri de ma\u0219ina dorit\u0103 f\u0103r\u0103 a pierde timp. Avans redus, \u00eencep\u00e2nd de la doar 10%, pentru accesibilitate maxim\u0103. Perioad\u0103 de leasing \u00eentre 1 \u0219i 5 ani, cu posibilitatea de personalizare a ratelor \u00een func\u021bie [&hellip;]","og_url":"https:\/\/maarbrokers.com\/index.php\/leasing-auto\/","og_site_name":"MAAR","article_modified_time":"2025-08-13T19:29:04+00:00","og_image":[{"width":870,"height":530,"url":"https:\/\/maarbrokers.com\/wp-content\/uploads\/2025\/08\/AdobeStock_288590743-870x530-1.jpeg","type":"image\/jpeg"}],"twitter_card":"summary_large_image","twitter_misc":{"Timp estimat pentru citire":"2 minute"},"schema":{"@context":"https:\/\/schema.org","@graph":[{"@type":"WebPage","@id":"https:\/\/maarbrokers.com\/index.php\/leasing-auto\/","url":"https:\/\/maarbrokers.com\/index.php\/leasing-auto\/","name":"Leasing Auto - MAAR","isPartOf":{"@id":"https:\/\/maarbrokers.com\/#website"},"primaryImageOfPage":{"@id":"https:\/\/maarbrokers.com\/index.php\/leasing-auto\/#primaryimage"},"image":{"@id":"https:\/\/maarbrokers.com\/index.php\/leasing-auto\/#primaryimage"},"thumbnailUrl":"https:\/\/maarbrokers.com\/wp-content\/uploads\/2025\/08\/AdobeStock_288590743-870x530-1.jpeg","datePublished":"2025-08-11T15:51:00+00:00","dateModified":"2025-08-13T19:29:04+00:00","breadcrumb":{"@id":"https:\/\/maarbrokers.com\/index.php\/leasing-auto\/#breadcrumb"},"inLanguage":"ro-RO","potentialAction":[{"@type":"ReadAction","target":["https:\/\/maarbrokers.com\/index.php\/leasing-auto\/"]}]},{"@type":"ImageObject","inLanguage":"ro-RO","@id":"https:\/\/maarbrokers.com\/index.php\/leasing-auto\/#primaryimage","url":"https:\/\/maarbrokers.com\/wp-content\/uploads\/2025\/08\/AdobeStock_288590743-870x530-1.jpeg","contentUrl":"https:\/\/maarbrokers.com\/wp-content\/uploads\/2025\/08\/AdobeStock_288590743-870x530-1.jpeg","width":870,"height":530,"caption":"Sale agent deal to agreement successful car loan contract with customer and sign agreement contract Insurance car concept."},{"@type":"BreadcrumbList","@id":"https:\/\/maarbrokers.com\/index.php\/leasing-auto\/#breadcrumb","itemListElement":[{"@type":"ListItem","position":1,"name":"Prima pagin\u0103","item":"https:\/\/maarbrokers.com\/"},{"@type":"ListItem","position":2,"name":"Leasing Auto"}]},{"@type":"WebSite","@id":"https:\/\/maarbrokers.com\/#website","url":"https:\/\/maarbrokers.com\/","name":"MAAR","description":"","publisher":{"@id":"https:\/\/maarbrokers.com\/#organization"},"potentialAction":[{"@type":"SearchAction","target":{"@type":"EntryPoint","urlTemplate":"https:\/\/maarbrokers.com\/?s={search_term_string}"},"query-input":{"@type":"PropertyValueSpecification","valueRequired":true,"valueName":"search_term_string"}}],"inLanguage":"ro-RO"},{"@type":"Organization","@id":"https:\/\/maarbrokers.com\/#organization","name":"MAAR","url":"https:\/\/maarbrokers.com\/","logo":{"@type":"ImageObject","inLanguage":"ro-RO","@id":"https:\/\/maarbrokers.com\/#\/schema\/logo\/image\/","url":"https:\/\/maarbrokers.com\/wp-content\/uploads\/2025\/08\/cropped-467b3671-00d9-4029-a8ba-33c021cc7c5c.png","contentUrl":"https:\/\/maarbrokers.com\/wp-content\/uploads\/2025\/08\/cropped-467b3671-00d9-4029-a8ba-33c021cc7c5c.png","width":1535,"height":922,"caption":"MAAR"},"image":{"@id":"https:\/\/maarbrokers.com\/#\/schema\/logo\/image\/"}}]}},"_links":{"self":[{"href":"https:\/\/maarbrokers.com\/index.php\/wp-json\/wp\/v2\/pages\/266","targetHints":{"allow":["GET"]}}],"collection":[{"href":"https:\/\/maarbrokers.com\/index.php\/wp-json\/wp\/v2\/pages"}],"about":[{"href":"https:\/\/maarbrokers.com\/index.php\/wp-json\/wp\/v2\/types\/page"}],"author":[{"embeddable":true,"href":"https:\/\/maarbrokers.com\/index.php\/wp-json\/wp\/v2\/users\/1"}],"replies":[{"embeddable":true,"href":"https:\/\/maarbrokers.com\/index.php\/wp-json\/wp\/v2\/comments?post=266"}],"version-history":[{"count":7,"href":"https:\/\/maarbrokers.com\/index.php\/wp-json\/wp\/v2\/pages\/266\/revisions"}],"predecessor-version":[{"id":402,"href":"https:\/\/maarbrokers.com\/index.php\/wp-json\/wp\/v2\/pages\/266\/revisions\/402"}],"wp:attachment":[{"href":"https:\/\/maarbrokers.com\/index.php\/wp-json\/wp\/v2\/media?parent=266"}],"curies":[{"name":"wp","href":"https:\/\/api.w.org\/{rel}","templated":true}]}}