{"id":271,"date":"2025-08-11T15:53:12","date_gmt":"2025-08-11T15:53:12","guid":{"rendered":"https:\/\/maarbrokers.com\/?page_id=271"},"modified":"2025-08-13T19:56:32","modified_gmt":"2025-08-13T19:56:32","slug":"cariera","status":"publish","type":"page","link":"https:\/\/maarbrokers.com\/index.php\/cariera\/","title":{"rendered":"Carier\u0103"},"content":{"rendered":"\t\t<div data-elementor-type=\"wp-page\" data-elementor-id=\"271\" class=\"elementor elementor-271\">\n\t\t\t\t<div class=\"elementor-element elementor-element-84caded e-flex e-con-boxed e-con e-parent\" data-id=\"84caded\" data-element_type=\"container\">\n\t\t\t\t\t<div class=\"e-con-inner\">\n\t\t\t\t<div class=\"elementor-element elementor-element-58bd661 elementor-widget elementor-widget-heading\" data-id=\"58bd661\" data-element_type=\"widget\" data-widget_type=\"heading.default\">\n\t\t\t\t\t<h2 class=\"elementor-heading-title elementor-size-default\">C\u0103ut\u0103m Colaboratori \u2013 Brokeri de Credite (PFA \/ SRL autorizat)<\/h2>\t\t\t\t<\/div>\n\t\t\t\t\t<\/div>\n\t\t\t\t<\/div>\n\t\t<div class=\"elementor-element elementor-element-8e562c6 e-grid e-con-boxed e-con e-parent\" data-id=\"8e562c6\" data-element_type=\"container\">\n\t\t\t\t\t<div class=\"e-con-inner\">\n\t\t\t\t<div class=\"elementor-element elementor-element-5863bc4 elementor-widget elementor-widget-image\" data-id=\"5863bc4\" data-element_type=\"widget\" data-widget_type=\"image.default\">\n\t\t\t\t\t\t\t\t\t\t\t\t\t\t\t<img fetchpriority=\"high\" decoding=\"async\" width=\"640\" height=\"427\" src=\"https:\/\/maarbrokers.com\/wp-content\/uploads\/2025\/08\/colaboratori-1024x683.webp\" class=\"attachment-large size-large wp-image-288\" alt=\"\" srcset=\"https:\/\/maarbrokers.com\/wp-content\/uploads\/2025\/08\/colaboratori-1024x683.webp 1024w, https:\/\/maarbrokers.com\/wp-content\/uploads\/2025\/08\/colaboratori-300x200.webp 300w, https:\/\/maarbrokers.com\/wp-content\/uploads\/2025\/08\/colaboratori-768x512.webp 768w, https:\/\/maarbrokers.com\/wp-content\/uploads\/2025\/08\/colaboratori-600x400.webp 600w, https:\/\/maarbrokers.com\/wp-content\/uploads\/2025\/08\/colaboratori.webp 1068w\" sizes=\"(max-width: 640px) 100vw, 640px\" \/>\t\t\t\t\t\t\t\t\t\t\t\t\t\t\t<\/div>\n\t\t\t\t<div class=\"elementor-element elementor-element-6d4eeec elementor-widget elementor-widget-text-editor\" data-id=\"6d4eeec\" data-element_type=\"widget\" data-widget_type=\"text-editor.default\">\n\t\t\t\t\t\t\t\t\t<p data-start=\"75\" data-end=\"278\"><strong data-start=\"75\" data-end=\"142\">E\u0219ti broker de credite sau ai experien\u021b\u0103 \u00een domeniul financiar?<\/strong><br data-start=\"142\" data-end=\"145\" \/>Vrei s\u0103 lucrezi \u00eentr-un mediu <strong data-start=\"175\" data-end=\"221\">flexibil, profesionist \u0219i 100% transparent<\/strong>, \u00een care munca ta este apreciat\u0103 \u0219i r\u0103spl\u0103tit\u0103 corect?<\/p><p data-start=\"280\" data-end=\"485\">La <strong data-start=\"283\" data-end=\"291\">MAAR<\/strong>, ne extindem echipa \u0219i c\u0103ut\u0103m <strong data-start=\"322\" data-end=\"362\">colaboratori cu statut juridic activ<\/strong> (PFA sau SRL autorizat), pasiona\u021bi de consultan\u021b\u0103 financiar\u0103, dedica\u021bi clien\u021bilor \u0219i orienta\u021bi c\u0103tre rezultate concrete.<\/p><p data-start=\"487\" data-end=\"666\">\u00ce\u021bi oferim <strong data-start=\"498\" data-end=\"573\">acces la produse financiare diversificate, sprijin opera\u021bional constant<\/strong> \u0219i libertatea de a-\u021bi organiza activitatea a\u0219a cum \u00ee\u021bi dore\u0219ti, f\u0103r\u0103 constr\u00e2ngeri inutile.<\/p>\t\t\t\t\t\t\t\t<\/div>\n\t\t\t\t\t<\/div>\n\t\t\t\t<\/div>\n\t\t<div class=\"elementor-element elementor-element-7c4887f e-flex e-con-boxed e-con e-parent\" data-id=\"7c4887f\" data-element_type=\"container\">\n\t\t\t\t\t<div class=\"e-con-inner\">\n\t\t\t\t<div class=\"elementor-element elementor-element-3135ce0 elementor-widget elementor-widget-heading\" data-id=\"3135ce0\" data-element_type=\"widget\" data-widget_type=\"heading.default\">\n\t\t\t\t\t<h2 class=\"elementor-heading-title elementor-size-default\">Ce c\u0103ut\u0103m?<\/h2>\t\t\t\t<\/div>\n\t\t\t\t\t<\/div>\n\t\t\t\t<\/div>\n\t\t<div class=\"elementor-element elementor-element-eeaca9e e-grid e-con-boxed e-con e-parent\" data-id=\"eeaca9e\" data-element_type=\"container\">\n\t\t\t\t\t<div class=\"e-con-inner\">\n\t\t\t\t<div class=\"elementor-element elementor-element-a9b2f2e elementor-widget elementor-widget-image\" data-id=\"a9b2f2e\" data-element_type=\"widget\" data-widget_type=\"image.default\">\n\t\t\t\t\t\t\t\t\t\t\t\t\t\t\t<img decoding=\"async\" width=\"640\" height=\"426\" src=\"https:\/\/maarbrokers.com\/wp-content\/uploads\/2025\/08\/Antreprenori-la-birou-asociati-parteneri-de-afaceri.jpg\" class=\"attachment-large size-large wp-image-289\" alt=\"\" srcset=\"https:\/\/maarbrokers.com\/wp-content\/uploads\/2025\/08\/Antreprenori-la-birou-asociati-parteneri-de-afaceri.jpg 700w, https:\/\/maarbrokers.com\/wp-content\/uploads\/2025\/08\/Antreprenori-la-birou-asociati-parteneri-de-afaceri-300x200.jpg 300w, https:\/\/maarbrokers.com\/wp-content\/uploads\/2025\/08\/Antreprenori-la-birou-asociati-parteneri-de-afaceri-600x400.jpg 600w\" sizes=\"(max-width: 640px) 100vw, 640px\" \/>\t\t\t\t\t\t\t\t\t\t\t\t\t\t\t<\/div>\n\t\t\t\t<div class=\"elementor-element elementor-element-c42c3fd elementor-widget elementor-widget-text-editor\" data-id=\"c42c3fd\" data-element_type=\"widget\" data-widget_type=\"text-editor.default\">\n\t\t\t\t\t\t\t\t\t<p data-start=\"102\" data-end=\"136\"><strong data-start=\"102\" data-end=\"134\">C\u0103ut\u0103m oameni ca tine, dac\u0103:<\/strong><\/p><ul data-start=\"138\" data-end=\"636\"><li data-start=\"138\" data-end=\"308\"><p data-start=\"140\" data-end=\"308\"><strong data-start=\"140\" data-end=\"172\">E\u0219ti broker de credite activ<\/strong> sau ai experien\u021b\u0103 solid\u0103 \u00een domeniul consultan\u021bei financiare \u0219i \u00ee\u021bi dore\u0219ti s\u0103-\u021bi valorifici cuno\u0219tin\u021bele \u00eentr-un cadru profesionist.<\/p><\/li><li data-start=\"309\" data-end=\"480\"><p data-start=\"311\" data-end=\"480\"><strong data-start=\"311\" data-end=\"343\">Lucrezi \u00een regim independent<\/strong> (PFA sau SRL cu autoriza\u021bie valabil\u0103) \u0219i cau\u021bi un partener de \u00eencredere care s\u0103 \u00ee\u021bi ofere sprijin \u0219i oportunit\u0103\u021bi reale de dezvoltare.<\/p><\/li><li data-start=\"481\" data-end=\"636\"><p data-start=\"483\" data-end=\"636\"><strong data-start=\"483\" data-end=\"541\">E\u0219ti responsabil, organizat \u0219i orientat spre rezultate<\/strong>, cu dorin\u021ba de a construi un parteneriat pe termen lung, bazat pe \u00eencredere \u0219i transparen\u021b\u0103.<\/p><\/li><\/ul>\t\t\t\t\t\t\t\t<\/div>\n\t\t\t\t\t<\/div>\n\t\t\t\t<\/div>\n\t\t<div class=\"elementor-element elementor-element-dc0e7e5 e-flex e-con-boxed e-con e-parent\" data-id=\"dc0e7e5\" data-element_type=\"container\">\n\t\t\t\t\t<div class=\"e-con-inner\">\n\t\t\t\t<div class=\"elementor-element elementor-element-46942b0 elementor-widget elementor-widget-heading\" data-id=\"46942b0\" data-element_type=\"widget\" data-widget_type=\"heading.default\">\n\t\t\t\t\t<h2 class=\"elementor-heading-title elementor-size-default\">Ce oferim?<\/h2>\t\t\t\t<\/div>\n\t\t\t\t\t<\/div>\n\t\t\t\t<\/div>\n\t\t<div class=\"elementor-element elementor-element-1a7793e e-grid e-con-boxed e-con e-parent\" data-id=\"1a7793e\" data-element_type=\"container\">\n\t\t\t\t\t<div class=\"e-con-inner\">\n\t\t\t\t<div class=\"elementor-element elementor-element-78d1082 elementor-widget elementor-widget-image\" data-id=\"78d1082\" data-element_type=\"widget\" data-widget_type=\"image.default\">\n\t\t\t\t\t\t\t\t\t\t\t\t\t\t\t<img decoding=\"async\" width=\"640\" height=\"427\" src=\"https:\/\/maarbrokers.com\/wp-content\/uploads\/2025\/08\/66bbbbcc45ecc_business_freepik-large.jpg\" class=\"attachment-large size-large wp-image-291\" alt=\"\" srcset=\"https:\/\/maarbrokers.com\/wp-content\/uploads\/2025\/08\/66bbbbcc45ecc_business_freepik-large.jpg 1024w, https:\/\/maarbrokers.com\/wp-content\/uploads\/2025\/08\/66bbbbcc45ecc_business_freepik-large-300x200.jpg 300w, https:\/\/maarbrokers.com\/wp-content\/uploads\/2025\/08\/66bbbbcc45ecc_business_freepik-large-768x512.jpg 768w, https:\/\/maarbrokers.com\/wp-content\/uploads\/2025\/08\/66bbbbcc45ecc_business_freepik-large-600x400.jpg 600w\" sizes=\"(max-width: 640px) 100vw, 640px\" \/>\t\t\t\t\t\t\t\t\t\t\t\t\t\t\t<\/div>\n\t\t\t\t<div class=\"elementor-element elementor-element-15d9f2d elementor-widget elementor-widget-text-editor\" data-id=\"15d9f2d\" data-element_type=\"widget\" data-widget_type=\"text-editor.default\">\n\t\t\t\t\t\t\t\t\t<ul><li data-start=\"111\" data-end=\"159\"><p data-start=\"113\" data-end=\"159\"><strong data-start=\"113\" data-end=\"137\">Comisioane atractive<\/strong>, corect distribuite<\/p><\/li><li data-start=\"160\" data-end=\"207\"><p data-start=\"162\" data-end=\"207\"><strong data-start=\"162\" data-end=\"185\">Instrumente moderne<\/strong> \u0219i suport permanent<\/p><\/li><li data-start=\"208\" data-end=\"270\"><p data-start=\"210\" data-end=\"270\"><strong data-start=\"210\" data-end=\"247\">Colaborare legal\u0103 \u0219i transparent\u0103<\/strong>, conform legisla\u021biei<\/p><\/li><li data-start=\"271\" data-end=\"326\"><p data-start=\"273\" data-end=\"326\"><strong data-start=\"273\" data-end=\"297\">Flexibilitate total\u0103<\/strong> \u00een organizarea activit\u0103\u021bii<\/p><\/li><li data-start=\"327\" data-end=\"397\"><p data-start=\"329\" data-end=\"397\"><strong data-start=\"329\" data-end=\"354\">Acces la parteneriate<\/strong> cu cele mai importante b\u0103nci din Rom\u00e2nia<\/p><\/li><li data-start=\"398\" data-end=\"472\"><p data-start=\"400\" data-end=\"472\"><strong data-start=\"400\" data-end=\"447\">Posibilit\u0103\u021bi reale de cre\u0219tere profesional\u0103<\/strong> \u00eentr-o echip\u0103 motivat\u0103<\/p><\/li><\/ul>\t\t\t\t\t\t\t\t<\/div>\n\t\t\t\t\t<\/div>\n\t\t\t\t<\/div>\n\t\t\t\t<\/div>\n\t\t","protected":false},"excerpt":{"rendered":"<p>C\u0103ut\u0103m Colaboratori \u2013 Brokeri de Credite (PFA \/ SRL autorizat) E\u0219ti broker de credite sau ai experien\u021b\u0103 \u00een domeniul financiar?Vrei s\u0103 lucrezi \u00eentr-un mediu flexibil, profesionist \u0219i 100% transparent, \u00een care munca ta este apreciat\u0103 \u0219i r\u0103spl\u0103tit\u0103 corect? La MAAR, ne extindem echipa \u0219i c\u0103ut\u0103m colaboratori cu statut juridic activ (PFA sau SRL autorizat), pasiona\u021bi de consultan\u021b\u0103 financiar\u0103, dedica\u021bi clien\u021bilor [&hellip;]<\/p>\n","protected":false},"author":1,"featured_media":0,"parent":0,"menu_order":0,"comment_status":"closed","ping_status":"closed","template":"","meta":{"footnotes":""},"class_list":["post-271","page","type-page","status-publish","hentry"],"yoast_head":"<!-- This site is optimized with the Yoast SEO plugin v25.6 - https:\/\/yoast.com\/wordpress\/plugins\/seo\/ -->\n<title>Carier\u0103 - MAAR<\/title>\n<meta name=\"robots\" content=\"index, follow, max-snippet:-1, max-image-preview:large, max-video-preview:-1\" \/>\n<link rel=\"canonical\" href=\"https:\/\/maarbrokers.com\/index.php\/cariera\/\" \/>\n<meta property=\"og:locale\" content=\"ro_RO\" \/>\n<meta property=\"og:type\" content=\"article\" \/>\n<meta property=\"og:title\" content=\"Carier\u0103 - MAAR\" \/>\n<meta property=\"og:description\" content=\"C\u0103ut\u0103m Colaboratori \u2013 Brokeri de Credite (PFA \/ SRL autorizat) E\u0219ti broker de credite sau ai experien\u021b\u0103 \u00een domeniul financiar?Vrei s\u0103 lucrezi \u00eentr-un mediu flexibil, profesionist \u0219i 100% transparent, \u00een care munca ta este apreciat\u0103 \u0219i r\u0103spl\u0103tit\u0103 corect? La MAAR, ne extindem echipa \u0219i c\u0103ut\u0103m colaboratori cu statut juridic activ (PFA sau SRL autorizat), pasiona\u021bi de consultan\u021b\u0103 financiar\u0103, dedica\u021bi clien\u021bilor [&hellip;]\" \/>\n<meta property=\"og:url\" content=\"https:\/\/maarbrokers.com\/index.php\/cariera\/\" \/>\n<meta property=\"og:site_name\" content=\"MAAR\" \/>\n<meta property=\"article:modified_time\" content=\"2025-08-13T19:56:32+00:00\" \/>\n<meta property=\"og:image\" content=\"https:\/\/maarbrokers.com\/wp-content\/uploads\/2025\/08\/colaboratori.webp\" \/>\n\t<meta property=\"og:image:width\" content=\"1068\" \/>\n\t<meta property=\"og:image:height\" content=\"712\" \/>\n\t<meta property=\"og:image:type\" content=\"image\/webp\" \/>\n<meta name=\"twitter:card\" content=\"summary_large_image\" \/>\n<meta name=\"twitter:label1\" content=\"Timp estimat pentru citire\" \/>\n\t<meta name=\"twitter:data1\" content=\"2 minute\" \/>\n<script type=\"application\/ld+json\" class=\"yoast-schema-graph\">{\"@context\":\"https:\/\/schema.org\",\"@graph\":[{\"@type\":\"WebPage\",\"@id\":\"https:\/\/maarbrokers.com\/index.php\/cariera\/\",\"url\":\"https:\/\/maarbrokers.com\/index.php\/cariera\/\",\"name\":\"Carier\u0103 - MAAR\",\"isPartOf\":{\"@id\":\"https:\/\/maarbrokers.com\/#website\"},\"primaryImageOfPage\":{\"@id\":\"https:\/\/maarbrokers.com\/index.php\/cariera\/#primaryimage\"},\"image\":{\"@id\":\"https:\/\/maarbrokers.com\/index.php\/cariera\/#primaryimage\"},\"thumbnailUrl\":\"https:\/\/maarbrokers.com\/wp-content\/uploads\/2025\/08\/colaboratori-1024x683.webp\",\"datePublished\":\"2025-08-11T15:53:12+00:00\",\"dateModified\":\"2025-08-13T19:56:32+00:00\",\"breadcrumb\":{\"@id\":\"https:\/\/maarbrokers.com\/index.php\/cariera\/#breadcrumb\"},\"inLanguage\":\"ro-RO\",\"potentialAction\":[{\"@type\":\"ReadAction\",\"target\":[\"https:\/\/maarbrokers.com\/index.php\/cariera\/\"]}]},{\"@type\":\"ImageObject\",\"inLanguage\":\"ro-RO\",\"@id\":\"https:\/\/maarbrokers.com\/index.php\/cariera\/#primaryimage\",\"url\":\"https:\/\/maarbrokers.com\/wp-content\/uploads\/2025\/08\/colaboratori.webp\",\"contentUrl\":\"https:\/\/maarbrokers.com\/wp-content\/uploads\/2025\/08\/colaboratori.webp\",\"width\":1068,\"height\":712},{\"@type\":\"BreadcrumbList\",\"@id\":\"https:\/\/maarbrokers.com\/index.php\/cariera\/#breadcrumb\",\"itemListElement\":[{\"@type\":\"ListItem\",\"position\":1,\"name\":\"Prima pagin\u0103\",\"item\":\"https:\/\/maarbrokers.com\/\"},{\"@type\":\"ListItem\",\"position\":2,\"name\":\"Carier\u0103\"}]},{\"@type\":\"WebSite\",\"@id\":\"https:\/\/maarbrokers.com\/#website\",\"url\":\"https:\/\/maarbrokers.com\/\",\"name\":\"MAAR\",\"description\":\"\",\"publisher\":{\"@id\":\"https:\/\/maarbrokers.com\/#organization\"},\"potentialAction\":[{\"@type\":\"SearchAction\",\"target\":{\"@type\":\"EntryPoint\",\"urlTemplate\":\"https:\/\/maarbrokers.com\/?s={search_term_string}\"},\"query-input\":{\"@type\":\"PropertyValueSpecification\",\"valueRequired\":true,\"valueName\":\"search_term_string\"}}],\"inLanguage\":\"ro-RO\"},{\"@type\":\"Organization\",\"@id\":\"https:\/\/maarbrokers.com\/#organization\",\"name\":\"MAAR\",\"url\":\"https:\/\/maarbrokers.com\/\",\"logo\":{\"@type\":\"ImageObject\",\"inLanguage\":\"ro-RO\",\"@id\":\"https:\/\/maarbrokers.com\/#\/schema\/logo\/image\/\",\"url\":\"https:\/\/maarbrokers.com\/wp-content\/uploads\/2025\/08\/cropped-467b3671-00d9-4029-a8ba-33c021cc7c5c.png\",\"contentUrl\":\"https:\/\/maarbrokers.com\/wp-content\/uploads\/2025\/08\/cropped-467b3671-00d9-4029-a8ba-33c021cc7c5c.png\",\"width\":1535,\"height\":922,\"caption\":\"MAAR\"},\"image\":{\"@id\":\"https:\/\/maarbrokers.com\/#\/schema\/logo\/image\/\"}}]}<\/script>\n<!-- \/ Yoast SEO plugin. -->","yoast_head_json":{"title":"Carier\u0103 - MAAR","robots":{"index":"index","follow":"follow","max-snippet":"max-snippet:-1","max-image-preview":"max-image-preview:large","max-video-preview":"max-video-preview:-1"},"canonical":"https:\/\/maarbrokers.com\/index.php\/cariera\/","og_locale":"ro_RO","og_type":"article","og_title":"Carier\u0103 - MAAR","og_description":"C\u0103ut\u0103m Colaboratori \u2013 Brokeri de Credite (PFA \/ SRL autorizat) E\u0219ti broker de credite sau ai experien\u021b\u0103 \u00een domeniul financiar?Vrei s\u0103 lucrezi \u00eentr-un mediu flexibil, profesionist \u0219i 100% transparent, \u00een care munca ta este apreciat\u0103 \u0219i r\u0103spl\u0103tit\u0103 corect? La MAAR, ne extindem echipa \u0219i c\u0103ut\u0103m colaboratori cu statut juridic activ (PFA sau SRL autorizat), pasiona\u021bi de consultan\u021b\u0103 financiar\u0103, dedica\u021bi clien\u021bilor [&hellip;]","og_url":"https:\/\/maarbrokers.com\/index.php\/cariera\/","og_site_name":"MAAR","article_modified_time":"2025-08-13T19:56:32+00:00","og_image":[{"width":1068,"height":712,"url":"https:\/\/maarbrokers.com\/wp-content\/uploads\/2025\/08\/colaboratori.webp","type":"image\/webp"}],"twitter_card":"summary_large_image","twitter_misc":{"Timp estimat pentru citire":"2 minute"},"schema":{"@context":"https:\/\/schema.org","@graph":[{"@type":"WebPage","@id":"https:\/\/maarbrokers.com\/index.php\/cariera\/","url":"https:\/\/maarbrokers.com\/index.php\/cariera\/","name":"Carier\u0103 - MAAR","isPartOf":{"@id":"https:\/\/maarbrokers.com\/#website"},"primaryImageOfPage":{"@id":"https:\/\/maarbrokers.com\/index.php\/cariera\/#primaryimage"},"image":{"@id":"https:\/\/maarbrokers.com\/index.php\/cariera\/#primaryimage"},"thumbnailUrl":"https:\/\/maarbrokers.com\/wp-content\/uploads\/2025\/08\/colaboratori-1024x683.webp","datePublished":"2025-08-11T15:53:12+00:00","dateModified":"2025-08-13T19:56:32+00:00","breadcrumb":{"@id":"https:\/\/maarbrokers.com\/index.php\/cariera\/#breadcrumb"},"inLanguage":"ro-RO","potentialAction":[{"@type":"ReadAction","target":["https:\/\/maarbrokers.com\/index.php\/cariera\/"]}]},{"@type":"ImageObject","inLanguage":"ro-RO","@id":"https:\/\/maarbrokers.com\/index.php\/cariera\/#primaryimage","url":"https:\/\/maarbrokers.com\/wp-content\/uploads\/2025\/08\/colaboratori.webp","contentUrl":"https:\/\/maarbrokers.com\/wp-content\/uploads\/2025\/08\/colaboratori.webp","width":1068,"height":712},{"@type":"BreadcrumbList","@id":"https:\/\/maarbrokers.com\/index.php\/cariera\/#breadcrumb","itemListElement":[{"@type":"ListItem","position":1,"name":"Prima pagin\u0103","item":"https:\/\/maarbrokers.com\/"},{"@type":"ListItem","position":2,"name":"Carier\u0103"}]},{"@type":"WebSite","@id":"https:\/\/maarbrokers.com\/#website","url":"https:\/\/maarbrokers.com\/","name":"MAAR","description":"","publisher":{"@id":"https:\/\/maarbrokers.com\/#organization"},"potentialAction":[{"@type":"SearchAction","target":{"@type":"EntryPoint","urlTemplate":"https:\/\/maarbrokers.com\/?s={search_term_string}"},"query-input":{"@type":"PropertyValueSpecification","valueRequired":true,"valueName":"search_term_string"}}],"inLanguage":"ro-RO"},{"@type":"Organization","@id":"https:\/\/maarbrokers.com\/#organization","name":"MAAR","url":"https:\/\/maarbrokers.com\/","logo":{"@type":"ImageObject","inLanguage":"ro-RO","@id":"https:\/\/maarbrokers.com\/#\/schema\/logo\/image\/","url":"https:\/\/maarbrokers.com\/wp-content\/uploads\/2025\/08\/cropped-467b3671-00d9-4029-a8ba-33c021cc7c5c.png","contentUrl":"https:\/\/maarbrokers.com\/wp-content\/uploads\/2025\/08\/cropped-467b3671-00d9-4029-a8ba-33c021cc7c5c.png","width":1535,"height":922,"caption":"MAAR"},"image":{"@id":"https:\/\/maarbrokers.com\/#\/schema\/logo\/image\/"}}]}},"_links":{"self":[{"href":"https:\/\/maarbrokers.com\/index.php\/wp-json\/wp\/v2\/pages\/271","targetHints":{"allow":["GET"]}}],"collection":[{"href":"https:\/\/maarbrokers.com\/index.php\/wp-json\/wp\/v2\/pages"}],"about":[{"href":"https:\/\/maarbrokers.com\/index.php\/wp-json\/wp\/v2\/types\/page"}],"author":[{"embeddable":true,"href":"https:\/\/maarbrokers.com\/index.php\/wp-json\/wp\/v2\/users\/1"}],"replies":[{"embeddable":true,"href":"https:\/\/maarbrokers.com\/index.php\/wp-json\/wp\/v2\/comments?post=271"}],"version-history":[{"count":19,"href":"https:\/\/maarbrokers.com\/index.php\/wp-json\/wp\/v2\/pages\/271\/revisions"}],"predecessor-version":[{"id":429,"href":"https:\/\/maarbrokers.com\/index.php\/wp-json\/wp\/v2\/pages\/271\/revisions\/429"}],"wp:attachment":[{"href":"https:\/\/maarbrokers.com\/index.php\/wp-json\/wp\/v2\/media?parent=271"}],"curies":[{"name":"wp","href":"https:\/\/api.w.org\/{rel}","templated":true}]}}